{"id":24976,"date":"2024-03-01T22:55:48","date_gmt":"2024-03-01T15:55:48","guid":{"rendered":"https:\/\/oktayyilmazsazevi.com\/?post_type=product&#038;p=24976"},"modified":"2026-01-31T18:12:42","modified_gmt":"2026-01-31T11:12:42","slug":"cmub-017-c-seri-kisa-sap-muhendislik-agaci","status":"publish","type":"product","link":"https:\/\/oktayyilmazsazevi.com\/ar\/urunler\/cmub-017-c-seri-kisa-sap-muhendislik-agaci\/","title":{"rendered":"CM\u00dcB-017 C Seri K\u0131sa Sap M\u00fchendislik A\u011fac\u0131"},"content":{"rendered":"","protected":false},"excerpt":{"rendered":"<ul>\n<li>Ba\u011flamalar\u0131m\u0131z 4-5 Y\u0131l Kurutulmu\u015f A\u011fa\u00e7lardan Yap\u0131lmaktad\u0131r.<\/li>\n<li>Bu ba\u011flamam\u0131z C Seri Profesyonel Bir Ba\u011flamad\u0131r.<\/li>\n<\/ul>","protected":false},"featured_media":24977,"comment_status":"open","ping_status":"closed","template":"","meta":[],"product_brand":[],"product_cat":[303,723],"product_tag":[823,828,826,824,827],"class_list":{"0":"post-24976","1":"product","2":"type-product","3":"status-publish","4":"has-post-thumbnail","6":"product_cat-kisa-sap-baglama","7":"product_cat-muhendislik-baglamalar-kisa-sap-baglama","8":"product_tag-baglama","9":"product_tag-deyis","10":"product_tag-enstruman","11":"product_tag-saz","12":"product_tag-turku","14":"first","15":"instock","16":"sold-individually","17":"shipping-taxable","18":"purchasable","19":"product-type-simple"},"_links":{"self":[{"href":"https:\/\/oktayyilmazsazevi.com\/ar\/wp-json\/wp\/v2\/product\/24976","targetHints":{"allow":["GET"]}}],"collection":[{"href":"https:\/\/oktayyilmazsazevi.com\/ar\/wp-json\/wp\/v2\/product"}],"about":[{"href":"https:\/\/oktayyilmazsazevi.com\/ar\/wp-json\/wp\/v2\/types\/product"}],"replies":[{"embeddable":true,"href":"https:\/\/oktayyilmazsazevi.com\/ar\/wp-json\/wp\/v2\/comments?post=24976"}],"wp:featuredmedia":[{"embeddable":true,"href":"https:\/\/oktayyilmazsazevi.com\/ar\/wp-json\/wp\/v2\/media\/24977"}],"wp:attachment":[{"href":"https:\/\/oktayyilmazsazevi.com\/ar\/wp-json\/wp\/v2\/media?parent=24976"}],"wp:term":[{"taxonomy":"product_brand","embeddable":true,"href":"https:\/\/oktayyilmazsazevi.com\/ar\/wp-json\/wp\/v2\/product_brand?post=24976"},{"taxonomy":"product_cat","embeddable":true,"href":"https:\/\/oktayyilmazsazevi.com\/ar\/wp-json\/wp\/v2\/product_cat?post=24976"},{"taxonomy":"product_tag","embeddable":true,"href":"https:\/\/oktayyilmazsazevi.com\/ar\/wp-json\/wp\/v2\/product_tag?post=24976"}],"curies":[{"name":"wp","href":"https:\/\/api.w.org\/{rel}","templated":true}]}}