{"id":28168,"date":"2025-07-26T15:47:10","date_gmt":"2025-07-26T08:47:10","guid":{"rendered":"https:\/\/oktayyilmazsazevi.com\/?post_type=product&#038;p=28168"},"modified":"2026-01-29T16:11:32","modified_gmt":"2026-01-29T09:11:32","slug":"wittner-baglama-burgusu-takimi-7-adet","status":"publish","type":"product","link":"https:\/\/oktayyilmazsazevi.com\/ar\/urunler\/wittner-baglama-burgusu-takimi-7-adet\/","title":{"rendered":"Wittner Ba\u011flama Burgusu Tak\u0131m\u0131 ( 7 Adet )"},"content":{"rendered":"","protected":false},"excerpt":{"rendered":"<p>\u23fa Akort Ka\u00e7\u0131rmayan Ba\u011flama Burgusu<br \/>\n\u23fa Orijinal Alman Mal\u0131d\u0131r.<br \/>\n\u23fa 1.S\u0131n\u0131f Kaliteye Sahiptir.<br \/>\n\u23fa Ba\u011flaman\u0131n Sesini De\u011fi\u015ftirip Bozmaz.<\/p>","protected":false},"featured_media":28169,"comment_status":"open","ping_status":"closed","template":"","meta":[],"product_brand":[],"product_cat":[784],"product_tag":[],"class_list":{"0":"post-28168","1":"product","2":"type-product","3":"status-publish","4":"has-post-thumbnail","6":"product_cat-burgular","8":"first","9":"instock","10":"shipping-taxable","11":"purchasable","12":"product-type-simple"},"_links":{"self":[{"href":"https:\/\/oktayyilmazsazevi.com\/ar\/wp-json\/wp\/v2\/product\/28168","targetHints":{"allow":["GET"]}}],"collection":[{"href":"https:\/\/oktayyilmazsazevi.com\/ar\/wp-json\/wp\/v2\/product"}],"about":[{"href":"https:\/\/oktayyilmazsazevi.com\/ar\/wp-json\/wp\/v2\/types\/product"}],"replies":[{"embeddable":true,"href":"https:\/\/oktayyilmazsazevi.com\/ar\/wp-json\/wp\/v2\/comments?post=28168"}],"wp:featuredmedia":[{"embeddable":true,"href":"https:\/\/oktayyilmazsazevi.com\/ar\/wp-json\/wp\/v2\/media\/28169"}],"wp:attachment":[{"href":"https:\/\/oktayyilmazsazevi.com\/ar\/wp-json\/wp\/v2\/media?parent=28168"}],"wp:term":[{"taxonomy":"product_brand","embeddable":true,"href":"https:\/\/oktayyilmazsazevi.com\/ar\/wp-json\/wp\/v2\/product_brand?post=28168"},{"taxonomy":"product_cat","embeddable":true,"href":"https:\/\/oktayyilmazsazevi.com\/ar\/wp-json\/wp\/v2\/product_cat?post=28168"},{"taxonomy":"product_tag","embeddable":true,"href":"https:\/\/oktayyilmazsazevi.com\/ar\/wp-json\/wp\/v2\/product_tag?post=28168"}],"curies":[{"name":"wp","href":"https:\/\/api.w.org\/{rel}","templated":true}]}}