{"id":28441,"date":"2025-12-25T16:19:52","date_gmt":"2025-12-25T09:19:52","guid":{"rendered":"https:\/\/oktayyilmazsazevi.com\/?post_type=product&#038;p=28441"},"modified":"2026-03-07T21:12:48","modified_gmt":"2026-03-07T14:12:48","slug":"dpdb-006-d-seri-kisa-sap-dut-agaci-divan-sazi","status":"publish","type":"product","link":"https:\/\/oktayyilmazsazevi.com\/ar\/urunler\/dpdb-006-d-seri-kisa-sap-dut-agaci-divan-sazi\/","title":{"rendered":"DPDB-006 D Plus Seri  K\u0131sa Sap Dut  A\u011fac\u0131 Divan Saz\u0131"},"content":{"rendered":"","protected":false},"excerpt":{"rendered":"<ul>\n<li>Ba\u011flamalar\u0131m\u0131z 4-5 Y\u0131l Do\u011fal Y\u00f6ntemlerle Kurutulmu\u015f A\u011fa\u00e7lardan Yap\u0131lmaktad\u0131r.(F\u0131r\u0131nlama Yap\u0131lmamaktad\u0131r.)<\/li>\n<li>Bu ba\u011flamam\u0131z D Plus Seri Tam Profesyonel Bir Ba\u011flamad\u0131r.<\/li>\n<li>Yap\u0131m\u0131nda Kullan\u0131lan A\u011fa\u00e7lar \u00d6zenle Se\u00e7ilmi\u015f Olup, Saptaki Klavye  \u0130le Tekne \u00c7evresindeki \u00c7\u0131talar Boyama Olmay\u0131p Ger\u00e7ek A\u011fa\u00e7tan Yap\u0131lm\u0131\u015ft\u0131r.<\/li>\n<\/ul>","protected":false},"featured_media":28442,"comment_status":"open","ping_status":"closed","template":"","meta":[],"product_brand":[],"product_cat":[303,729,732],"product_tag":[823,856,828,838,826,854,825,834,824,827],"class_list":{"0":"post-28441","1":"product","2":"type-product","3":"status-publish","4":"has-post-thumbnail","6":"product_cat-kisa-sap-baglama","7":"product_cat-divan-sazlari","8":"product_cat-dut-divan-sazlari","9":"product_tag-baglama","10":"product_tag-baglama-imalat","11":"product_tag-deyis","12":"product_tag-divan-sazi","13":"product_tag-enstruman","14":"product_tag-halk-muzigi","15":"product_tag-kisa-sap-baglama","16":"product_tag-muzik","17":"product_tag-saz","18":"product_tag-turku","20":"first","21":"outofstock","22":"sold-individually","23":"shipping-taxable","24":"purchasable","25":"product-type-simple"},"_links":{"self":[{"href":"https:\/\/oktayyilmazsazevi.com\/ar\/wp-json\/wp\/v2\/product\/28441","targetHints":{"allow":["GET"]}}],"collection":[{"href":"https:\/\/oktayyilmazsazevi.com\/ar\/wp-json\/wp\/v2\/product"}],"about":[{"href":"https:\/\/oktayyilmazsazevi.com\/ar\/wp-json\/wp\/v2\/types\/product"}],"replies":[{"embeddable":true,"href":"https:\/\/oktayyilmazsazevi.com\/ar\/wp-json\/wp\/v2\/comments?post=28441"}],"wp:featuredmedia":[{"embeddable":true,"href":"https:\/\/oktayyilmazsazevi.com\/ar\/wp-json\/wp\/v2\/media\/28442"}],"wp:attachment":[{"href":"https:\/\/oktayyilmazsazevi.com\/ar\/wp-json\/wp\/v2\/media?parent=28441"}],"wp:term":[{"taxonomy":"product_brand","embeddable":true,"href":"https:\/\/oktayyilmazsazevi.com\/ar\/wp-json\/wp\/v2\/product_brand?post=28441"},{"taxonomy":"product_cat","embeddable":true,"href":"https:\/\/oktayyilmazsazevi.com\/ar\/wp-json\/wp\/v2\/product_cat?post=28441"},{"taxonomy":"product_tag","embeddable":true,"href":"https:\/\/oktayyilmazsazevi.com\/ar\/wp-json\/wp\/v2\/product_tag?post=28441"}],"curies":[{"name":"wp","href":"https:\/\/api.w.org\/{rel}","templated":true}]}}