{"id":28516,"date":"2026-02-05T22:05:43","date_gmt":"2026-02-05T15:05:43","guid":{"rendered":"https:\/\/oktayyilmazsazevi.com\/?post_type=product&#038;p=28516"},"modified":"2026-03-31T17:13:49","modified_gmt":"2026-03-31T10:13:49","slug":"fob-002-f-seri-kisa-sap-ovenkolafrika-cevizi-agaci-baglama","status":"publish","type":"product","link":"https:\/\/oktayyilmazsazevi.com\/ar\/urunler\/fob-002-f-seri-kisa-sap-ovenkolafrika-cevizi-agaci-baglama\/","title":{"rendered":"FOB-002 F Seri  K\u0131sa Sap Ovenkol(Afrika Cevizi) A\u011fac\u0131 Ba\u011flama"},"content":{"rendered":"","protected":false},"excerpt":{"rendered":"<ul>\n<li>Ba\u011flamalar\u0131m\u0131z 4-5 Y\u0131l Do\u011fal Y\u00f6ntemlerle Kurutulmu\u015f A\u011fa\u00e7lardan Yap\u0131lmaktad\u0131r.(F\u0131r\u0131nlama Yap\u0131lmamaktad\u0131r.)<\/li>\n<li>Bu ba\u011flamam\u0131z F Seri Tam Profesyonel Bir Ba\u011flamad\u0131r.<\/li>\n<li>Yap\u0131m\u0131nda Kullan\u0131lan A\u011fa\u00e7lar \u00d6zenle Se\u00e7ilmi\u015f Olup, Saptaki Klavye Ve Tekne \u00c7evresinde Bulunan \u00c7\u0131talar \u0130le Mihrap Boyama Olmay\u0131p Ger\u00e7ek A\u011fa\u00e7tan Yap\u0131lm\u0131\u015ft\u0131r.<\/li>\n<\/ul>","protected":false},"featured_media":28518,"comment_status":"open","ping_status":"closed","template":"","meta":[],"product_brand":[],"product_cat":[303,712],"product_tag":[823,856,828,826,854,825,834,824,827],"class_list":{"0":"post-28516","1":"product","2":"type-product","3":"status-publish","4":"has-post-thumbnail","6":"product_cat-kisa-sap-baglama","7":"product_cat-ovenkol-baglamalar","8":"product_tag-baglama","9":"product_tag-baglama-imalat","10":"product_tag-deyis","11":"product_tag-enstruman","12":"product_tag-halk-muzigi","13":"product_tag-kisa-sap-baglama","14":"product_tag-muzik","15":"product_tag-saz","16":"product_tag-turku","18":"first","19":"outofstock","20":"sold-individually","21":"shipping-taxable","22":"purchasable","23":"product-type-simple"},"_links":{"self":[{"href":"https:\/\/oktayyilmazsazevi.com\/ar\/wp-json\/wp\/v2\/product\/28516","targetHints":{"allow":["GET"]}}],"collection":[{"href":"https:\/\/oktayyilmazsazevi.com\/ar\/wp-json\/wp\/v2\/product"}],"about":[{"href":"https:\/\/oktayyilmazsazevi.com\/ar\/wp-json\/wp\/v2\/types\/product"}],"replies":[{"embeddable":true,"href":"https:\/\/oktayyilmazsazevi.com\/ar\/wp-json\/wp\/v2\/comments?post=28516"}],"wp:featuredmedia":[{"embeddable":true,"href":"https:\/\/oktayyilmazsazevi.com\/ar\/wp-json\/wp\/v2\/media\/28518"}],"wp:attachment":[{"href":"https:\/\/oktayyilmazsazevi.com\/ar\/wp-json\/wp\/v2\/media?parent=28516"}],"wp:term":[{"taxonomy":"product_brand","embeddable":true,"href":"https:\/\/oktayyilmazsazevi.com\/ar\/wp-json\/wp\/v2\/product_brand?post=28516"},{"taxonomy":"product_cat","embeddable":true,"href":"https:\/\/oktayyilmazsazevi.com\/ar\/wp-json\/wp\/v2\/product_cat?post=28516"},{"taxonomy":"product_tag","embeddable":true,"href":"https:\/\/oktayyilmazsazevi.com\/ar\/wp-json\/wp\/v2\/product_tag?post=28516"}],"curies":[{"name":"wp","href":"https:\/\/api.w.org\/{rel}","templated":true}]}}