{"id":28642,"date":"2026-04-11T14:28:41","date_gmt":"2026-04-11T07:28:41","guid":{"rendered":"https:\/\/oktayyilmazsazevi.com\/?post_type=product&#038;p=28642"},"modified":"2026-04-11T20:18:41","modified_gmt":"2026-04-11T13:18:41","slug":"cmb-101-c-seri-kisa-sap-maun-agaci-baglama","status":"publish","type":"product","link":"https:\/\/oktayyilmazsazevi.com\/ar\/urunler\/cmb-101-c-seri-kisa-sap-maun-agaci-baglama\/","title":{"rendered":"CMB-101 C Seri K\u0131sa Sap Maun A\u011fac\u0131 Ba\u011flama"},"content":{"rendered":"","protected":false},"excerpt":{"rendered":"<ul>\n<li>Ba\u011flamalar\u0131m\u0131z 4-5 Y\u0131l Kurutulmu\u015f A\u011fa\u00e7lardan Yap\u0131lmaktad\u0131r.<\/li>\n<li>Bu ba\u011flamam\u0131z C Seri Profesyonel Bir Ba\u011flamad\u0131r.<\/li>","protected":false},"featured_media":28643,"comment_status":"open","ping_status":"closed","template":"","meta":[],"product_brand":[],"product_cat":[303,710],"product_tag":[823,828,826,824,827],"class_list":{"0":"post-28642","1":"product","2":"type-product","3":"status-publish","4":"has-post-thumbnail","6":"product_cat-kisa-sap-baglama","7":"product_cat-maun-baglamalar","8":"product_tag-baglama","9":"product_tag-deyis","10":"product_tag-enstruman","11":"product_tag-saz","12":"product_tag-turku","14":"first","15":"outofstock","16":"sold-individually","17":"shipping-taxable","18":"purchasable","19":"product-type-simple"},"_links":{"self":[{"href":"https:\/\/oktayyilmazsazevi.com\/ar\/wp-json\/wp\/v2\/product\/28642","targetHints":{"allow":["GET"]}}],"collection":[{"href":"https:\/\/oktayyilmazsazevi.com\/ar\/wp-json\/wp\/v2\/product"}],"about":[{"href":"https:\/\/oktayyilmazsazevi.com\/ar\/wp-json\/wp\/v2\/types\/product"}],"replies":[{"embeddable":true,"href":"https:\/\/oktayyilmazsazevi.com\/ar\/wp-json\/wp\/v2\/comments?post=28642"}],"wp:featuredmedia":[{"embeddable":true,"href":"https:\/\/oktayyilmazsazevi.com\/ar\/wp-json\/wp\/v2\/media\/28643"}],"wp:attachment":[{"href":"https:\/\/oktayyilmazsazevi.com\/ar\/wp-json\/wp\/v2\/media?parent=28642"}],"wp:term":[{"taxonomy":"product_brand","embeddable":true,"href":"https:\/\/oktayyilmazsazevi.com\/ar\/wp-json\/wp\/v2\/product_brand?post=28642"},{"taxonomy":"product_cat","embeddable":true,"href":"https:\/\/oktayyilmazsazevi.com\/ar\/wp-json\/wp\/v2\/product_cat?post=28642"},{"taxonomy":"product_tag","embeddable":true,"href":"https:\/\/oktayyilmazsazevi.com\/ar\/wp-json\/wp\/v2\/product_tag?post=28642"}],"curies":[{"name":"wp","href":"https:\/\/api.w.org\/{rel}","templated":true}]}}