{"id":28656,"date":"2026-04-11T14:52:42","date_gmt":"2026-04-11T07:52:42","guid":{"rendered":"https:\/\/oktayyilmazsazevi.com\/?post_type=product&#038;p=28656"},"modified":"2026-04-11T14:58:22","modified_gmt":"2026-04-11T07:58:22","slug":"dmt-001-d-seri-kisa-sap-maun-agaci-baglama","status":"publish","type":"product","link":"https:\/\/oktayyilmazsazevi.com\/ar\/urunler\/dmt-001-d-seri-kisa-sap-maun-agaci-baglama\/","title":{"rendered":"DMT-001 D Seri K\u0131sa Sap Maun A\u011fac\u0131 Ba\u011flama"},"content":{"rendered":"","protected":false},"excerpt":{"rendered":"<ul>\n<li>Ba\u011flamalar\u0131m\u0131z 4-5 Y\u0131l Kurutulmu\u015f A\u011fa\u00e7lardan Yap\u0131lmaktad\u0131r.<\/li>\n<li>Bu ba\u011flamam\u0131z D Seri Profesyonel Bir Ba\u011flamad\u0131r.<\/li>\n<li>Ba\u011flaman\u0131n Sap\u0131ndaki \u00c7\u0131talar Ger\u00e7ek A\u011fa\u00e7tan Yap\u0131lm\u0131\u015ft\u0131r, Boya De\u011fildir.<\/li>","protected":false},"featured_media":28658,"comment_status":"open","ping_status":"closed","template":"","meta":[],"product_brand":[],"product_cat":[303,710],"product_tag":[823,828,826,824,827],"class_list":{"0":"post-28656","1":"product","2":"type-product","3":"status-publish","4":"has-post-thumbnail","6":"product_cat-kisa-sap-baglama","7":"product_cat-maun-baglamalar","8":"product_tag-baglama","9":"product_tag-deyis","10":"product_tag-enstruman","11":"product_tag-saz","12":"product_tag-turku","14":"first","15":"instock","16":"sold-individually","17":"shipping-taxable","18":"purchasable","19":"product-type-simple"},"_links":{"self":[{"href":"https:\/\/oktayyilmazsazevi.com\/ar\/wp-json\/wp\/v2\/product\/28656","targetHints":{"allow":["GET"]}}],"collection":[{"href":"https:\/\/oktayyilmazsazevi.com\/ar\/wp-json\/wp\/v2\/product"}],"about":[{"href":"https:\/\/oktayyilmazsazevi.com\/ar\/wp-json\/wp\/v2\/types\/product"}],"replies":[{"embeddable":true,"href":"https:\/\/oktayyilmazsazevi.com\/ar\/wp-json\/wp\/v2\/comments?post=28656"}],"wp:featuredmedia":[{"embeddable":true,"href":"https:\/\/oktayyilmazsazevi.com\/ar\/wp-json\/wp\/v2\/media\/28658"}],"wp:attachment":[{"href":"https:\/\/oktayyilmazsazevi.com\/ar\/wp-json\/wp\/v2\/media?parent=28656"}],"wp:term":[{"taxonomy":"product_brand","embeddable":true,"href":"https:\/\/oktayyilmazsazevi.com\/ar\/wp-json\/wp\/v2\/product_brand?post=28656"},{"taxonomy":"product_cat","embeddable":true,"href":"https:\/\/oktayyilmazsazevi.com\/ar\/wp-json\/wp\/v2\/product_cat?post=28656"},{"taxonomy":"product_tag","embeddable":true,"href":"https:\/\/oktayyilmazsazevi.com\/ar\/wp-json\/wp\/v2\/product_tag?post=28656"}],"curies":[{"name":"wp","href":"https:\/\/api.w.org\/{rel}","templated":true}]}}