{"id":28291,"date":"2025-10-16T19:25:22","date_gmt":"2025-10-16T12:25:22","guid":{"rendered":"https:\/\/oktayyilmazsazevi.com\/?post_type=product&#038;p=28291"},"modified":"2026-02-06T18:16:40","modified_gmt":"2026-02-06T11:16:40","slug":"cmuk-022-solak-c-seri-kisa-sap-muhendislikkompozit-degildir-agaci-baglama","status":"publish","type":"product","link":"https:\/\/oktayyilmazsazevi.com\/de\/urunler\/cmuk-022-solak-c-seri-kisa-sap-muhendislikkompozit-degildir-agaci-baglama\/","title":{"rendered":"CM\u00dcK-022 (Solak) C Seri K\u0131sa Sap M\u00fchendislik(Kompozit De\u011fildir) A\u011fac\u0131 Ba\u011flama"},"content":{"rendered":"","protected":false},"excerpt":{"rendered":"<ul>\n<li>Ba\u011flamalar\u0131m\u0131z 4-5 Y\u0131l Kurutulmu\u015f A\u011fa\u00e7lardan Yap\u0131lmaktad\u0131r.<\/li>\n<li>Bu ba\u011flamam\u0131z C Seri Profesyonel Bir Ba\u011flamad\u0131r.<\/li>\n<li>Ba\u011flamam\u0131z\u0131n Kapa\u011f\u0131 Ger\u00e7ek Kanada Sediridir.<\/li>","protected":false},"featured_media":28294,"comment_status":"open","ping_status":"closed","template":"","meta":[],"product_brand":[],"product_cat":[723,273],"product_tag":[823,828,826,824,869,827],"class_list":{"0":"post-28291","1":"product","2":"type-product","3":"status-publish","4":"has-post-thumbnail","6":"product_cat-muhendislik-baglamalar-kisa-sap-baglama","7":"product_cat-solak-baglama","8":"product_tag-baglama","9":"product_tag-deyis","10":"product_tag-enstruman","11":"product_tag-saz","12":"product_tag-solak-baglama","13":"product_tag-turku","15":"first","16":"outofstock","17":"sold-individually","18":"shipping-taxable","19":"purchasable","20":"product-type-simple"},"_links":{"self":[{"href":"https:\/\/oktayyilmazsazevi.com\/de\/wp-json\/wp\/v2\/product\/28291","targetHints":{"allow":["GET"]}}],"collection":[{"href":"https:\/\/oktayyilmazsazevi.com\/de\/wp-json\/wp\/v2\/product"}],"about":[{"href":"https:\/\/oktayyilmazsazevi.com\/de\/wp-json\/wp\/v2\/types\/product"}],"replies":[{"embeddable":true,"href":"https:\/\/oktayyilmazsazevi.com\/de\/wp-json\/wp\/v2\/comments?post=28291"}],"wp:featuredmedia":[{"embeddable":true,"href":"https:\/\/oktayyilmazsazevi.com\/de\/wp-json\/wp\/v2\/media\/28294"}],"wp:attachment":[{"href":"https:\/\/oktayyilmazsazevi.com\/de\/wp-json\/wp\/v2\/media?parent=28291"}],"wp:term":[{"taxonomy":"product_brand","embeddable":true,"href":"https:\/\/oktayyilmazsazevi.com\/de\/wp-json\/wp\/v2\/product_brand?post=28291"},{"taxonomy":"product_cat","embeddable":true,"href":"https:\/\/oktayyilmazsazevi.com\/de\/wp-json\/wp\/v2\/product_cat?post=28291"},{"taxonomy":"product_tag","embeddable":true,"href":"https:\/\/oktayyilmazsazevi.com\/de\/wp-json\/wp\/v2\/product_tag?post=28291"}],"curies":[{"name":"wp","href":"https:\/\/api.w.org\/{rel}","templated":true}]}}