{"id":23485,"date":"2023-07-09T03:15:42","date_gmt":"2023-07-08T20:15:42","guid":{"rendered":"https:\/\/oktayyilmazsazevi.com\/?post_type=product&#038;p=23485"},"modified":"2026-01-31T18:13:45","modified_gmt":"2026-01-31T11:13:45","slug":"nostalji-kisa-sap-kelebek-baglama-nkb-002","status":"publish","type":"product","link":"https:\/\/oktayyilmazsazevi.com\/es\/urunler\/nostalji-kisa-sap-kelebek-baglama-nkb-002\/","title":{"rendered":"NKB-002 Nostalji Serisi  K\u0131sa Sap Ba\u011flama Kelebek A\u011fac\u0131"},"content":{"rendered":"","protected":false},"excerpt":{"rendered":"","protected":false},"featured_media":23486,"comment_status":"open","ping_status":"closed","template":"","meta":[],"product_brand":[],"product_cat":[303,711],"product_tag":[],"class_list":{"0":"post-23485","1":"product","2":"type-product","3":"status-publish","4":"has-post-thumbnail","6":"product_cat-kisa-sap-baglama","7":"product_cat-kelebek-baglamalar","9":"first","10":"instock","11":"shipping-taxable","12":"purchasable","13":"product-type-simple"},"_links":{"self":[{"href":"https:\/\/oktayyilmazsazevi.com\/es\/wp-json\/wp\/v2\/product\/23485","targetHints":{"allow":["GET"]}}],"collection":[{"href":"https:\/\/oktayyilmazsazevi.com\/es\/wp-json\/wp\/v2\/product"}],"about":[{"href":"https:\/\/oktayyilmazsazevi.com\/es\/wp-json\/wp\/v2\/types\/product"}],"replies":[{"embeddable":true,"href":"https:\/\/oktayyilmazsazevi.com\/es\/wp-json\/wp\/v2\/comments?post=23485"}],"wp:featuredmedia":[{"embeddable":true,"href":"https:\/\/oktayyilmazsazevi.com\/es\/wp-json\/wp\/v2\/media\/23486"}],"wp:attachment":[{"href":"https:\/\/oktayyilmazsazevi.com\/es\/wp-json\/wp\/v2\/media?parent=23485"}],"wp:term":[{"taxonomy":"product_brand","embeddable":true,"href":"https:\/\/oktayyilmazsazevi.com\/es\/wp-json\/wp\/v2\/product_brand?post=23485"},{"taxonomy":"product_cat","embeddable":true,"href":"https:\/\/oktayyilmazsazevi.com\/es\/wp-json\/wp\/v2\/product_cat?post=23485"},{"taxonomy":"product_tag","embeddable":true,"href":"https:\/\/oktayyilmazsazevi.com\/es\/wp-json\/wp\/v2\/product_tag?post=23485"}],"curies":[{"name":"wp","href":"https:\/\/api.w.org\/{rel}","templated":true}]}}