{"id":1613,"date":"2015-02-03T14:49:09","date_gmt":"2015-02-03T14:49:09","guid":{"rendered":"http:\/\/localhost\/drile\/?page_id=1613"},"modified":"2023-05-26T00:14:26","modified_gmt":"2023-05-25T17:14:26","slug":"iletisim","status":"publish","type":"page","link":"https:\/\/oktayyilmazsazevi.com\/fr\/iletisim\/","title":{"rendered":"Communication"},"content":{"rendered":"<div  class=\"vc_row wpb_row vc_row-fluid vc_custom_1592291191055 vc_column-gap-default ts-row-wide\"  ><div class=\"wpb_column vc_column_container vc_col-sm-12 vc_hidden-lg\">\n\t<div class=\"wpb_wrapper\">\n\t<div class=\"vc_empty_space\"   style=\"height: 35px\"><span class=\"vc_empty_space_inner\"><\/span><\/div>\t<\/div>\n<\/div><\/div>\t<div  class=\"vc_row wpb_row vc_row-fluid vc_custom_1588044427502 vc_column-gap-default ts-row-wide loading\"  data-vc-full-width=\"true\" data-vc-full-width-init=\"false\"  data-vc-stretch-content=\"true\" ><div class=\"wpb_column vc_column_container vc_col-sm-12\">\n\t<div class=\"wpb_wrapper\">\n\t<div class=\"wpb_gmaps_widget wpb_content_element\"><div class=\"wpb_wrapper\"><div class=\"wpb_map_wraper\"><iframe loading=\"lazy\" src=\"https:\/\/www.google.com\/maps\/embed?pb=!1m18!1m12!1m3!1d3010.193790492209!2d28.959757314783857!3d41.02101602659096!2m3!1f0!2f0!3f0!3m2!1i1024!2i768!4f13.1!3m3!1m2!1s0x0%3A0xd6bd7b243fac7b8f!2sOktay%20Y%C4%B1lmaz%20Saz%20Evi!5e0!3m2!1str!2str!4v1598701196287!5m2!1str!2str\" width=\"600\" height=\"450\" frameborder=\"0\" style=\"border:0\" allowfullscreen><\/iframe><\/div><\/div><\/div>\t<\/div>\n<\/div><\/div><div class=\"vc_row-full-width\"><\/div>\t<div  class=\"vc_row wpb_row vc_row-fluid vc_column-gap-default ts-row-wide\"  ><div class=\"wpb_column vc_column_container vc_col-sm-12\">\n\t<div class=\"wpb_wrapper\">\n\t<div class=\"vc_row wpb_row vc_inner vc_row-fluid vc_custom_1588064607537 vc_row-has-fill vc_column-gap-default\"><div class=\"wpb_column vc_column_container vc_col-sm-3\"><div class=\"vc_column-inner\"><div class=\"wpb_wrapper\">\n\t<div class=\"wpb_text_column wpb_content_element\" >\n\t\t<div class=\"wpb_wrapper\">\n\t\t\t<div class=\"lnr lnr-phone-handset\" style=\"text-align: center; font-size: 36px; line-height: 40px; margin-bottom: 20px; color: #202020;\"><\/div>\n<h6 class=\"primary-color\" style=\"text-align: center;\">\u0130rtibat Numaras\u0131<\/h6>\n<p style=\"text-align: center; margin-bottom: 30px;\">0537 619 15 72<\/p>\n\n\t\t<\/div>\n\t<\/div>\n<\/div><\/div><\/div><div class=\"wpb_column vc_column_container vc_col-sm-6\"><div class=\"vc_column-inner\"><div class=\"wpb_wrapper\">\n\t<div class=\"wpb_text_column wpb_content_element\" >\n\t\t<div class=\"wpb_wrapper\">\n\t\t\t<div class=\"lnr lnr-home\" style=\"text-align: center; font-size: 36px; line-height: 40px; margin-bottom: 20px; color: #202020;\"><\/div>\n<h6 class=\"primary-color\" style=\"text-align: center;\">Adres<\/h6>\n<p style=\"text-align: center;\"><strong>Branche Unkapan\u0131<\/strong><\/p>\n<p style=\"text-align: center;\">Hac\u0131kad\u0131n Mah. Atat\u00fcrk Bulvar\u0131 \u0130M\u00c7 6. Blok No: 6316 Fatih\/\u0130stanbul<\/p>\n<p style=\"text-align: center;\"><strong>Okmeydan\u0131 \u015eube<\/strong><\/p>\n<p style=\"text-align: center; margin-bottom: 30px;\">Anadolu Kahvesi Hasat Sok. No: 7\/A Okmeydan\u0131 \/Beyo\u011flu \/\u0130STANBUL<\/p>\n<p style=\"text-align: center; margin-bottom: 30px;\"><strong>Notre atelier<\/strong><\/p>\n<p style=\"text-align: center;\">Cevizli Mah. H\u0131z\u0131r Reis Sok. No:29\/3 Maltepe \/ \u0130STANBUL<\/p>\n\n\t\t<\/div>\n\t<\/div>\n<\/div><\/div><\/div><div class=\"wpb_column vc_column_container vc_col-sm-3\"><div class=\"vc_column-inner\"><div class=\"wpb_wrapper\">\n\t<div class=\"wpb_text_column wpb_content_element\" >\n\t\t<div class=\"wpb_wrapper\">\n\t\t\t<div class=\"lnr lnr-envelope\" style=\"text-align: center; font-size: 36px; line-height: 40px; margin-bottom: 20px; color: #202020;\"><\/div>\n<h6 class=\"primary-color\" style=\"text-align: center;\">E-Posta<\/h6>\n<p style=\"text-align: center; margin: 0;\">info@oktayyilmazsazevi.com<\/p>\n\n\t\t<\/div>\n\t<\/div>\n<\/div><\/div><\/div><\/div>\t<\/div>\n<\/div><\/div>\t<div  class=\"vc_row wpb_row vc_row-fluid vc_column-gap-default ts-row-wide\"  ><div class=\"wpb_column vc_column_container vc_col-sm-12 vc_hidden-md vc_hidden-sm vc_hidden-xs\">\n\t<div class=\"wpb_wrapper\">\n\t<div class=\"vc_empty_space\"   style=\"height: 40px\"><span class=\"vc_empty_space_inner\"><\/span><\/div>\n\t<div class=\"wpb_text_column wpb_content_element  vc_custom_1598701562580\" >\n\t\t<div class=\"wpb_wrapper\">\n\t\t\t<h6 style=\"font-size: 100%; letter-spacing: 1px;\">Bize Ula\u015f\u0131n<\/h6>\n\n\t\t<\/div>\n\t<\/div>\n[contact-form-7 id=&#8221;17&#8243;]<div class=\"vc_empty_space\"   style=\"height: 40px\"><span class=\"vc_empty_space_inner\"><\/span><\/div>\t<\/div>\n<\/div><\/div>\t<div  class=\"vc_row wpb_row vc_row-fluid vc_column-gap-default ts-row-wide\"  ><div class=\"wpb_column vc_column_container vc_col-sm-12 vc_hidden-md vc_hidden-sm vc_hidden-xs\">\n\t<div class=\"wpb_wrapper\">\n\t\t<\/div>\n<\/div><\/div>","protected":false},"excerpt":{"rendered":"\u0130rtibat Numaras\u0131 0537 619 15 72 Adres Unkapan\u0131 \u015eubesi Hac\u0131kad\u0131n Mah. Atat\u00fcrk Bulvar\u0131 \u0130M\u00c7 6. Blok No: 6316 Fatih\/\u0130stanbul Okmeydan\u0131 \u015eube Anadolu Kahvesi Hasat Sok. No: 7\/A Okmeydan\u0131 \/Beyo\u011flu \/\u0130STANBUL At\u00f6lyemiz Cevizli Mah. H\u0131z\u0131r Reis Sok. No:29\/3 Maltepe \/ \u0130STANBUL E-Posta info@oktayyilmazsazevi.com Bize Ula\u015f\u0131n [contact-form-7 id=\"17\"]","protected":false},"author":39,"featured_media":0,"parent":0,"menu_order":0,"comment_status":"closed","ping_status":"closed","template":"","meta":{"footnotes":""},"class_list":["post-1613","page","type-page","status-publish","hentry"],"_links":{"self":[{"href":"https:\/\/oktayyilmazsazevi.com\/fr\/wp-json\/wp\/v2\/pages\/1613","targetHints":{"allow":["GET"]}}],"collection":[{"href":"https:\/\/oktayyilmazsazevi.com\/fr\/wp-json\/wp\/v2\/pages"}],"about":[{"href":"https:\/\/oktayyilmazsazevi.com\/fr\/wp-json\/wp\/v2\/types\/page"}],"author":[{"embeddable":true,"href":"https:\/\/oktayyilmazsazevi.com\/fr\/wp-json\/wp\/v2\/users\/39"}],"replies":[{"embeddable":true,"href":"https:\/\/oktayyilmazsazevi.com\/fr\/wp-json\/wp\/v2\/comments?post=1613"}],"version-history":[{"count":0,"href":"https:\/\/oktayyilmazsazevi.com\/fr\/wp-json\/wp\/v2\/pages\/1613\/revisions"}],"wp:attachment":[{"href":"https:\/\/oktayyilmazsazevi.com\/fr\/wp-json\/wp\/v2\/media?parent=1613"}],"curies":[{"name":"wp","href":"https:\/\/api.w.org\/{rel}","templated":true}]}}