{"id":16782,"date":"2020-08-30T18:29:03","date_gmt":"2020-08-30T11:29:03","guid":{"rendered":"http:\/\/oktayyilmazsazevi.com\/?page_id=16782"},"modified":"2021-11-09T21:06:44","modified_gmt":"2021-11-09T14:06:44","slug":"garanti-ve-iade-kosullari","status":"publish","type":"page","link":"https:\/\/oktayyilmazsazevi.com\/fr\/garanti-ve-iade-kosullari\/","title":{"rendered":"Conditions de garantie et de retour"},"content":{"rendered":"<div  class=\"vc_row wpb_row vc_row-fluid vc_column-gap-default ts-row-wide\"  ><div class=\"wpb_column vc_column_container vc_col-sm-12\">\n\t<div class=\"wpb_wrapper\">\n\t\n\t<div class=\"wpb_text_column wpb_content_element\" >\n\t\t<div class=\"wpb_wrapper\">\n\t\t\t<h3 class=\"wp-block-heading\">Garanti Ko\u015fullar\u0131<\/h3>\n<p>T\u00fcm \u00fcr\u00fcnler, aksi belirtilmedik\u00e7e \u00fcretici firma ve distrib\u00fct\u00f6r garantisi alt\u0131ndad\u0131r. Garanti ko\u015fullar\u0131n\u0131n ge\u00e7erli olabilmesi i\u00e7in, kargo teslimat\u0131 esnas\u0131nda \u00fcr\u00fcn\u00fc mutlaka kontrol ederek teslim al\u0131n. \u00dcr\u00fcn kutusu \u00fczerinde olu\u015fmu\u015f herhangi bir hasar s\u00f6z konusu ise mutlaka tutanak tutturarak \u00fcr\u00fcn\u00fc teslim almay\u0131n\u0131z. \u00dcr\u00fcn \u00fczerinde yap\u0131lan de\u011fi\u015fiklikler, \u00fcr\u00fcn\u00fcn deforme olmas\u0131 ya da \u00fcr\u00fcn\u00fcn orijinal dizayn\u0131n\u0131n bozulmas\u0131 garanti kapsam\u0131 d\u0131\u015f\u0131ndad\u0131r.<\/p>\n<p>\u0130nternet sitemizdeki t\u00fcm ba\u011flamalar sap atmas\u0131na ve kapak \u00e7\u00f6kmesine kar\u015f\u0131 1 y\u0131l garantilidir. Kullan\u0131c\u0131 hatalar\u0131ndan kaynaklanan hasarlar\u00a0 garanti kapsam\u0131 d\u0131\u015f\u0131ndad\u0131r.<\/p>\n<p><!-- \/wp:post-content --><\/p>\n<p><!-- wp:heading {\"level\":3} --><\/p>\n<h3>\u0130ade ve De\u011fi\u015fim Ko\u015fullar\u0131<\/h3>\n<p><!-- \/wp:heading --><\/p>\n<p><!-- wp:paragraph -->Sitemiz \u00fczerinden sat\u0131n alm\u0131\u015f oldu\u011funuz \u00fcr\u00fcnleri, teslimat tarihinden itibaren \u201c15 G\u00fcn\u201d i\u00e7erisinde iade edebilir ya da de\u011fi\u015ftirebilirsiniz.<\/p>\n<p><!-- \/wp:paragraph --><\/p>\n<p><!-- wp:paragraph -->\u0130ade ve de\u011fi\u015fimi talep edilecek \u00fcr\u00fcn\u00fcn ticari vasf\u0131n\u0131 yitirmemi\u015f olmas\u0131, ambalaj\u0131n\u0131n korunmu\u015f, aksesuar ve t\u00fcm \u00fcr\u00fcn i\u00e7eri\u011finin eksiksiz olmas\u0131 gerekmektedir.<\/p>\n<p><!-- \/wp:paragraph --><\/p>\n<p><!-- wp:paragraph -->\u0130ade etmek ya da de\u011fi\u015ftirmek istedi\u011finiz \u00fcr\u00fcnleri, mutlaka anla\u015fmal\u0131 kargo firmam\u0131z \u201cAras Kargo\u201d arac\u0131l\u0131\u011f\u0131 ile \u00fcr\u00fcn faturas\u0131n\u0131n t\u00fcm n\u00fcshalar\u0131 eksiksiz olacak \u015fekilde \u201cKar\u015f\u0131 \u00d6demeli\u201d olarak g\u00f6ndermi\u015f olman\u0131z gerekmektedir. (Anla\u015fmal\u0131 kargo firmas\u0131 d\u0131\u015f\u0131nda kar\u015f\u0131 \u00f6demeli olarak yap\u0131lan g\u00f6nderiler teslim al\u0131nmayacakt\u0131r.)<\/p>\n<p><!-- \/wp:paragraph --><\/p>\n<p><!-- wp:paragraph -->\u0130ade edilmek istenen \u00fcr\u00fcnler depomuza ula\u015f\u0131p, teknik ekibimiz taraf\u0131ndan yap\u0131lan inceleme sonucunda herhangi bir kusurun olmad\u0131\u011f\u0131 onay\u0131 verildikten hemen sonra, \u00fccret iadeniz en ge\u00e7 \u201c10 \u0130\u015f G\u00fcn\u00fc\u201d i\u00e7erisinde yap\u0131lacakt\u0131r.<\/p>\n<p><!-- \/wp:paragraph --><!-- \/wp:paragraph --><\/p>\n<p><!-- wp:heading {\"level\":3} --><\/p>\n<h3>\u0130adesi ve De\u011fi\u015fimi M\u00fcmk\u00fcn Olmayan \u00dcr\u00fcnler<\/h3>\n<p><!-- \/wp:heading --><\/p>\n<p><!-- wp:paragraph -->Orijinal ambalaj\u0131 a\u00e7\u0131lm\u0131\u015f, bozulmu\u015f ve ticari vasf\u0131n\u0131 yitirmi\u015f \u00fcr\u00fcnler.<\/p>\n<p><!-- \/wp:paragraph --><\/p>\n<p><!-- wp:paragraph -->\u00dcr\u00fcn i\u00e7eri\u011finde yaz\u0131l\u0131m i\u00e7eren \u00fcr\u00fcnler. (Ses Kart\u0131 vb..)Kurulumu yap\u0131lm\u0131\u015f \u00fcr\u00fcnler. (Piyano, Davul vb..)<\/p>\n<p><!-- \/wp:paragraph --><\/p>\n<p><!-- wp:paragraph -->Hijyenik a\u00e7\u0131dan tehlike arz edebilecek \u00fcr\u00fcnler. (Nefesli Enstr\u00fcmanlar, Mikrofonlar, Kulakl\u0131klar vb..)<\/p>\n<p><!-- \/wp:paragraph --><\/p>\n<p><!-- wp:paragraph -->Faturas\u0131 ile birlikte g\u00f6nderilmeyen \u00fcr\u00fcnler.<\/p>\n<p><!-- \/wp:paragraph --><\/p>\n<p><!-- wp:paragraph -->Koruyucu materyal ve jelatinleri s\u00f6k\u00fclm\u00fc\u015f olan \u00fcr\u00fcnler.<\/p>\n<p><!-- \/wp:paragraph --><\/p>\n<p><!-- wp:paragraph -->\u0130ade ve de\u011fi\u015fimi m\u00fcmk\u00fcn olmayan \u00fcr\u00fcn gruplar\u0131nda, \u00fcr\u00fcn\u00fc kargodan \u201cteslim almadan\u201d iade edebilir ya da de\u011fi\u015fimini talep edebilirsiniz. \u0130lgili \u00fcr\u00fcnlerin teslim al\u0131nmas\u0131 iade ve de\u011fi\u015fim hakk\u0131n\u0131 tamamen ortadan kald\u0131racakt\u0131r.<\/p>\n<p><!-- \/wp:paragraph --><\/p>\n<p><!-- wp:heading {\"level\":3} --><\/p>\n<h3>\u00dcr\u00fcn De\u011fi\u015fim ve \u0130adelerinde Dikkat Edilmesi Gerekenler<\/h3>\n<p><!-- \/wp:heading --><\/p>\n<p><!-- wp:paragraph -->\u00dcr\u00fcnler mutlaka size g\u00f6nderildi\u011fi gibi, ta\u015f\u0131ma esnas\u0131nda hasar almayacak \u015fekilde paketlenmi\u015f olmas\u0131 gerekmektedir.<\/p>\n<p><!-- \/wp:paragraph --><\/p>\n<p><!-- wp:paragraph -->\u00dcr\u00fcn\u00fcn orijinal kutusu ya da ambalaj\u0131 \u00fczerine herhangi bir etiket ya da bant yap\u0131\u015ft\u0131r\u0131lmam\u0131\u015f olmas\u0131 gerekmektedir.<\/p>\n<p><!-- \/wp:paragraph --><\/p>\n<p><!-- wp:paragraph -->Sat\u0131n alm\u0131\u015f oldu\u011funu \u00fcr\u00fcn\u00fc g\u00f6ndermeden \u00f6nce mutlaka \u201cDestek\u201d ekibimiz ile ileti\u015fime ge\u00e7erek bilgi veriniz.<\/p>\n<p><!-- \/wp:paragraph --><\/p>\n<p>&nbsp;<\/p>\n\n\t\t<\/div>\n\t<\/div>\n\t<\/div>\n<\/div><\/div>","protected":false},"excerpt":{"rendered":"Garanti Ko\u015fullar\u0131 T\u00fcm \u00fcr\u00fcnler, aksi belirtilmedik\u00e7e \u00fcretici firma ve distrib\u00fct\u00f6r garantisi alt\u0131ndad\u0131r. Garanti ko\u015fullar\u0131n\u0131n ge\u00e7erli olabilmesi i\u00e7in, kargo teslimat\u0131 esnas\u0131nda \u00fcr\u00fcn\u00fc mutlaka kontrol ederek teslim al\u0131n. \u00dcr\u00fcn kutusu \u00fczerinde olu\u015fmu\u015f herhangi bir hasar s\u00f6z konusu ise mutlaka tutanak tutturarak \u00fcr\u00fcn\u00fc teslim almay\u0131n\u0131z. \u00dcr\u00fcn \u00fczerinde yap\u0131lan de\u011fi\u015fiklikler, \u00fcr\u00fcn\u00fcn deforme olmas\u0131 ya da \u00fcr\u00fcn\u00fcn orijinal dizayn\u0131n\u0131n bozulmas\u0131 [...]","protected":false},"author":39,"featured_media":0,"parent":0,"menu_order":0,"comment_status":"closed","ping_status":"closed","template":"","meta":{"footnotes":""},"class_list":["post-16782","page","type-page","status-publish","hentry"],"_links":{"self":[{"href":"https:\/\/oktayyilmazsazevi.com\/fr\/wp-json\/wp\/v2\/pages\/16782","targetHints":{"allow":["GET"]}}],"collection":[{"href":"https:\/\/oktayyilmazsazevi.com\/fr\/wp-json\/wp\/v2\/pages"}],"about":[{"href":"https:\/\/oktayyilmazsazevi.com\/fr\/wp-json\/wp\/v2\/types\/page"}],"author":[{"embeddable":true,"href":"https:\/\/oktayyilmazsazevi.com\/fr\/wp-json\/wp\/v2\/users\/39"}],"replies":[{"embeddable":true,"href":"https:\/\/oktayyilmazsazevi.com\/fr\/wp-json\/wp\/v2\/comments?post=16782"}],"version-history":[{"count":0,"href":"https:\/\/oktayyilmazsazevi.com\/fr\/wp-json\/wp\/v2\/pages\/16782\/revisions"}],"wp:attachment":[{"href":"https:\/\/oktayyilmazsazevi.com\/fr\/wp-json\/wp\/v2\/media?parent=16782"}],"curies":[{"name":"wp","href":"https:\/\/api.w.org\/{rel}","templated":true}]}}