{"id":16784,"date":"2020-08-30T18:41:04","date_gmt":"2020-08-30T11:41:04","guid":{"rendered":"http:\/\/oktayyilmazsazevi.com\/?page_id=16784"},"modified":"2020-08-30T18:47:46","modified_gmt":"2020-08-30T11:47:46","slug":"teslimat-kosullari","status":"publish","type":"page","link":"https:\/\/oktayyilmazsazevi.com\/fr\/teslimat-kosullari\/","title":{"rendered":"Conditions de livraison"},"content":{"rendered":"<p>T\u00fcm sipari\u015fleriniz &#8220;1 &#8211; 3 \u0130\u015f G\u00fcn\u00fc&#8221; i\u00e7erisinde kargoya teslim edilir.<\/p>\n\n\n\n<p>Yo\u011funluk nedeni ile ya\u015fanabilecek gecikmelerde, kargo s\u00fcreci maksimum &#8220;5 \u0130\u015f G\u00fcn\u00fc&#8221; gibi bir s\u00fcreyi a\u015fmayacakt\u0131r.<\/p>\n\n\n\n<p>Herhangi bir gecikmenin ya\u015fanmas\u0131 durumunda m\u00fc\u015fterilerimiz mutlaka &#8220;Mail&#8221; ile bilgilendirilecek ve s\u00fcrecin en h\u0131zl\u0131 \u015fekilde sonu\u00e7land\u0131r\u0131lmas\u0131 sa\u011flanacakt\u0131r.<\/p>\n\n\n\n<p>T\u00fcm bilgilendirme s\u00fcre\u00e7lerinde m\u00fc\u015fterilerimize, sipari\u015flerini olu\u015ftururken kulland\u0131klar\u0131 ileti\u015fim bilgileri \u00fczerinden ula\u015f\u0131lacakt\u0131r. Bu nedenle bilgilerinizin eksiksiz ve do\u011fru olmas\u0131 \u00f6nemlidir.<\/p>\n\n\n\n<p>\u00d6zel \u00fcretim \u00fcr\u00fcnlerin teslim s\u00fcreleri imalat zaman\u0131na g\u00f6re farkl\u0131l\u0131k g\u00f6stermektedir. Bu t\u00fcr \u00fcr\u00fcnlerin teslimat bilgileri ve s\u00fcreleri \u00fcr\u00fcn sayfalar\u0131nda belirtilmi\u015ftir.<\/p>\n\n\n\n<p>Bayram ve Tatil g\u00fcnlerinde teslimat yap\u0131lamamaktad\u0131r.<\/p>\n\n\n\n<p>Se\u00e7ti\u011finiz \u00fcr\u00fcnlerin tamam\u0131 anla\u015fmal\u0131 oldu\u011fumuz kargo \u015firketi &#8220;Aras Kargo&#8221; garantisi ile adresinize teslim edilecektir.<\/p>\n\n\n\n<p>Sat\u0131n ald\u0131\u011f\u0131n\u0131z \u00fcr\u00fcnler, payla\u015fm\u0131\u015f oldu\u011funuz mail adresi ile taraf\u0131n\u0131za bildirilecektir.<\/p>\n\n\n\n<p>www.oktayyilmazsazevi.com bir online al\u0131\u015fveri\u015f sitesidir. Ayn\u0131 anda birden \u00e7ok m\u00fc\u015fteriye al\u0131\u015fveri\u015f yapabilme imkan\u0131 tan\u0131r. Ziyaret\u00e7ilerin ayn\u0131 \u00fcr\u00fcn\u00fc sipari\u015f verebilmeleri ve bu nedenle stok anl\u0131k olarak de\u011fi\u015fe-bilmeleri s\u00f6z konusudur.<\/p>\n\n\n\n<p>Sipari\u015fini vermi\u015f oldu\u011funuz \u00fcr\u00fcn\u00fcn herhangi bir nedenden dolay\u0131 stoklarda t\u00fckenmi\u015f olmas\u0131 durumunda, mutlaka &#8220;Telefon&#8221; ile taraf\u0131n\u0131za bilgi verilecektir.<\/p>\n\n\n\n<p>\u00d6demesini internet sitemiz \u00fczerinden yapm\u0131\u015f oldu\u011funuz sipari\u015flerde, \u00fcr\u00fcn\u00fcn stoklar\u0131m\u0131zda bulunmamas\u0131 durumunda, en az 4 (d\u00f6rt), en fazla 30 (otuz) g\u00fcn bekleme s\u00fcresi mevcuttur. Firmam\u0131z bu s\u00fcre i\u00e7erisinde \u00fcr\u00fcn\u00fcn\u00fcz\u00fc temin ve teslim i\u00e7in hassasiyetle ilgilenecektir. \u0130lgili tarihler aras\u0131nda t\u00fcketiciye teslim edilemeyen \u00fcr\u00fcnlerde, t\u00fcketicinin \u00f6demesi kendisine iade edilir.<\/p>\n\n\n\n<p>Sipari\u015finizin kargo firmas\u0131na teslim edilmesi durumunda, sipari\u015finizin &#8220;Kargo Takip Numaras\u0131&#8221; bilgisi, sipari\u015finizi olu\u015ftururken payla\u015fm\u0131\u015f oldu\u011funuz tan\u0131ml\u0131 mail adresiniz ile payla\u015f\u0131l\u0131r.<\/p>\n\n\n\n<p>(Kargo Takip Numaras\u0131n\u0131n, anla\u015fmal\u0131 oldu\u011fumuz kargo firmas\u0131 taraf\u0131ndan bize iletilmesi &#8220;1 G\u00fcn&#8221; gibi bir s\u00fcreyi bulabilmektedir. Bu gibi durumlarda sipari\u015finiz ayn\u0131 g\u00fcn kargoya verilmi\u015f olmas\u0131na ra\u011fmen, Kargo Takip Numaran\u0131z bir sonraki g\u00fcn\u00fcn sabah\u0131 sizinle payla\u015f\u0131labilir.)<\/p>\n\n\n\n<p>&#8220;Kargo Takip Numaras\u0131&#8221; taraf\u0131n\u0131za iletildi\u011fi zaman sipari\u015finizin tesliminde herhangi bir gecikme ya\u015fanmamas\u0131 ad\u0131na &#8220;Aras Kargo&#8221; ile ileti\u015fime ge\u00e7erek, kargonuz hakk\u0131nda bilgi alabilirsiniz.<\/p>\n\n\n\n<p>Teslimat ile ilgili t\u00fcm problemlerinizde; (0212) 512 26 65 nolu telefondan M\u00fc\u015fteri Hizmetleri birimize ula\u015farak destek alabilirsiniz.<\/p>","protected":false},"excerpt":{"rendered":"<p>T\u00fcm sipari\u015fleriniz &#8220;1 &#8211; 3 \u0130\u015f G\u00fcn\u00fc&#8221; i\u00e7erisinde kargoya teslim edilir. Yo\u011funluk nedeni ile ya\u015fanabilecek gecikmelerde, kargo s\u00fcreci maksimum &#8220;5 \u0130\u015f G\u00fcn\u00fc&#8221; gibi bir s\u00fcreyi a\u015fmayacakt\u0131r. Herhangi bir gecikmenin ya\u015fanmas\u0131 durumunda m\u00fc\u015fterilerimiz mutlaka &#8220;Mail&#8221; ile bilgilendirilecek ve s\u00fcrecin en h\u0131zl\u0131 \u015fekilde sonu\u00e7land\u0131r\u0131lmas\u0131 sa\u011flanacakt\u0131r. T\u00fcm bilgilendirme s\u00fcre\u00e7lerinde m\u00fc\u015fterilerimize, sipari\u015flerini olu\u015ftururken kulland\u0131klar\u0131 ileti\u015fim bilgileri \u00fczerinden ula\u015f\u0131lacakt\u0131r. Bu [&hellip;]<\/p>","protected":false},"author":39,"featured_media":0,"parent":0,"menu_order":0,"comment_status":"closed","ping_status":"closed","template":"","meta":{"footnotes":""},"class_list":["post-16784","page","type-page","status-publish","hentry"],"_links":{"self":[{"href":"https:\/\/oktayyilmazsazevi.com\/fr\/wp-json\/wp\/v2\/pages\/16784","targetHints":{"allow":["GET"]}}],"collection":[{"href":"https:\/\/oktayyilmazsazevi.com\/fr\/wp-json\/wp\/v2\/pages"}],"about":[{"href":"https:\/\/oktayyilmazsazevi.com\/fr\/wp-json\/wp\/v2\/types\/page"}],"author":[{"embeddable":true,"href":"https:\/\/oktayyilmazsazevi.com\/fr\/wp-json\/wp\/v2\/users\/39"}],"replies":[{"embeddable":true,"href":"https:\/\/oktayyilmazsazevi.com\/fr\/wp-json\/wp\/v2\/comments?post=16784"}],"version-history":[{"count":0,"href":"https:\/\/oktayyilmazsazevi.com\/fr\/wp-json\/wp\/v2\/pages\/16784\/revisions"}],"wp:attachment":[{"href":"https:\/\/oktayyilmazsazevi.com\/fr\/wp-json\/wp\/v2\/media?parent=16784"}],"curies":[{"name":"wp","href":"https:\/\/api.w.org\/{rel}","templated":true}]}}