{"id":16786,"date":"2020-08-30T18:45:04","date_gmt":"2020-08-30T11:45:04","guid":{"rendered":"http:\/\/oktayyilmazsazevi.com\/?page_id=16786"},"modified":"2021-11-12T13:00:43","modified_gmt":"2021-11-12T06:00:43","slug":"gizlilik-ve-guvenlik","status":"publish","type":"page","link":"https:\/\/oktayyilmazsazevi.com\/fr\/gizlilik-ve-guvenlik\/","title":{"rendered":"Confidentialit\u00e9 et s\u00e9curit\u00e9"},"content":{"rendered":"<p>1- \u00dcyelerimize daha g\u00fcvenli bir internet ortam\u0131 sa\u011flamak her zaman birinci \u00f6ncelikli konumuz olacakt\u0131r. Bundan dolay\u0131, \u00fcyelerimizin kendilerini rahat hissetmeleri ve site i\u00e7i i\u015flemleri yaparken \u015f\u00fcphe duymamalar\u0131 i\u00e7in i\u00e7in baz\u0131 gizlilik haklar\u0131 tan\u0131d\u0131k. \u00dcyelerimizin, sahip olduklar\u0131 bu haklar, a\u015fa\u011f\u0131da s\u0131ralanm\u0131\u015ft\u0131r:<\/p>\n\n\n\n<p>2- Elektronik posta adresiniz ba\u015fta olmak \u00fczere bize verdi\u011finiz ileti\u015fim bilgileriniz hi\u00e7bir gerek\u00e7e ile ba\u015fka kurulu\u015flara da\u011f\u0131t\u0131lmayacak ve reklam, tan\u0131t\u0131m, pazarlama yapmak amac\u0131yla kullan\u0131lmayacakt\u0131r. Ancak \u00fcyemiz olarak sizler i\u00e7in yapt\u0131\u011f\u0131m\u0131z kampanyalar bizim taraf\u0131m\u0131zdan isterseniz size bildirilecektir. Size g\u00f6nderilecek b\u00fclten maillerinde ki mail almak istemedi\u011finize dair linklere t\u0131klayarak listelerden kendinizi \u00e7\u0131karabilirsiniz.<\/p>\n\n\n\n<p>3- Bize verdi\u011finiz \u00fcyelik bilgileri ve ki\u015fisel bilgileriniz, sizin onay\u0131n\u0131z d\u0131\u015f\u0131nda di\u011fer \u00fcyeye ve firmaya a\u00e7\u0131lmayacakt\u0131r. Ancak bu bilgiler, sitemizin kendi b\u00fcnyesinde m\u00fc\u015fteri profili belirlemek amac\u0131yla kullan\u0131lacakt\u0131r. Gerekti\u011finde \u00fcyeli\u011finizi iptal ederek t\u00fcm bilgilerinizi sistemden silebilir, Veya sadece E-b\u00fclten bildirilerinden \u00e7\u0131kabilirsiniz. ( \u00dcyeli\u011finizi tamamen deaktif etmek isterseniz l\u00fctfen kullan\u0131c\u0131 ad\u0131n\u0131z ve mail adresi bilgilerinizi \u00fcyelik sil konu ba\u015fl\u0131\u011f\u0131 ile info@oktayyilmazsazevi.com adresine g\u00f6nderiniz. \u00dcyeli\u011finiz ayn\u0131 g\u00fcn i\u00e7inde sistemden silinecektir.)<\/p>\n\n\n\n<p>4- \u00dcye olurken doldurdu\u011funuz bilgiler https:\/\/ uzant\u0131l\u0131 ve tamamen g\u00fcvenli SSL ba\u011flant\u0131l\u0131 sayfalar arac\u0131l\u0131\u011f\u0131 ile olmaktad\u0131r. \u00dcyelik formunu doldururken sizden istenen ki\u015fisel ve ileti\u015fim bilgilerinizden, zorunlu olanlar hari\u00e7, istediklerinizi kendi inisiyatifiniz dahilinde bize bildirebilirsiniz. Bize vermeyi tercih etmeyece\u011finiz bilgiler varsa, bu alanlar\u0131 doldurmak veya i\u015faretlemek zorunda de\u011filsiniz. Zorunlu olanlar i\u015fareti ile belirtilmi\u015ftir.<\/p>\n\n\n\n<p>5- \u00dcye giri\u015fi yaparak girdi\u011finiz t\u00fcm bilgilere sadece siz ula\u015fabilir ve bunlar\u0131 sadece siz de\u011fi\u015ftirebilir ve silebilirsiniz. Bir ba\u015fka \u00fcyenin sizinle ilgili bilgilere ula\u015fmas\u0131 ve bunlar\u0131 de\u011fi\u015ftirmesi m\u00fcmk\u00fcn de\u011fildir. Bundan dolay\u0131 kullan\u0131c\u0131 ad\u0131n\u0131 ve \u015fifrenizi hi\u00e7 kimse ile payla\u015fmaman\u0131z gerekmektedir.<\/p>\n\n\n\n<p>6-&nbsp;<strong>Sitemizden yapt\u0131\u011f\u0131n\u0131z al\u0131\u015fveri\u015flerde vermi\u015f oldu\u011funuz kredi kart\u0131 bilgileri kesinlikle sistemimiz taraf\u0131ndan kay\u0131t alt\u0131na al\u0131nmamaktad\u0131r.<\/strong>&nbsp;https:\/\/ uzant\u0131l\u0131 tamamen g\u00fcvenli SSL ba\u011flant\u0131lar\u0131yla \u00f6deme sayfam\u0131za y\u00f6nlendiriliyorsunuz.<\/p>\n\n\n\n<p>Bu ilkeler ile ki\u015fisel haklar\u0131n\u0131z bizim taraf\u0131m\u0131zdan teminat alt\u0131na al\u0131nm\u0131\u015ft\u0131r.<\/p>","protected":false},"excerpt":{"rendered":"<p>1- \u00dcyelerimize daha g\u00fcvenli bir internet ortam\u0131 sa\u011flamak her zaman birinci \u00f6ncelikli konumuz olacakt\u0131r. Bundan dolay\u0131, \u00fcyelerimizin kendilerini rahat hissetmeleri ve site i\u00e7i i\u015flemleri yaparken \u015f\u00fcphe duymamalar\u0131 i\u00e7in i\u00e7in baz\u0131 gizlilik haklar\u0131 tan\u0131d\u0131k. \u00dcyelerimizin, sahip olduklar\u0131 bu haklar, a\u015fa\u011f\u0131da s\u0131ralanm\u0131\u015ft\u0131r: 2- Elektronik posta adresiniz ba\u015fta olmak \u00fczere bize verdi\u011finiz ileti\u015fim bilgileriniz hi\u00e7bir gerek\u00e7e ile ba\u015fka [&hellip;]<\/p>","protected":false},"author":39,"featured_media":0,"parent":0,"menu_order":0,"comment_status":"closed","ping_status":"closed","template":"","meta":{"footnotes":""},"class_list":["post-16786","page","type-page","status-publish","hentry"],"_links":{"self":[{"href":"https:\/\/oktayyilmazsazevi.com\/fr\/wp-json\/wp\/v2\/pages\/16786","targetHints":{"allow":["GET"]}}],"collection":[{"href":"https:\/\/oktayyilmazsazevi.com\/fr\/wp-json\/wp\/v2\/pages"}],"about":[{"href":"https:\/\/oktayyilmazsazevi.com\/fr\/wp-json\/wp\/v2\/types\/page"}],"author":[{"embeddable":true,"href":"https:\/\/oktayyilmazsazevi.com\/fr\/wp-json\/wp\/v2\/users\/39"}],"replies":[{"embeddable":true,"href":"https:\/\/oktayyilmazsazevi.com\/fr\/wp-json\/wp\/v2\/comments?post=16786"}],"version-history":[{"count":0,"href":"https:\/\/oktayyilmazsazevi.com\/fr\/wp-json\/wp\/v2\/pages\/16786\/revisions"}],"wp:attachment":[{"href":"https:\/\/oktayyilmazsazevi.com\/fr\/wp-json\/wp\/v2\/media?parent=16786"}],"curies":[{"name":"wp","href":"https:\/\/api.w.org\/{rel}","templated":true}]}}