{"id":18719,"date":"2020-11-20T01:35:44","date_gmt":"2020-11-19T18:35:44","guid":{"rendered":"https:\/\/oktayyilmazsazevi.com\/?page_id=18719"},"modified":"2023-02-24T10:59:42","modified_gmt":"2023-02-24T03:59:42","slug":"baglama-olustur","status":"publish","type":"page","link":"https:\/\/oktayyilmazsazevi.com\/fr\/baglama-olustur\/","title":{"rendered":"Cr\u00e9er un instrument"},"content":{"rendered":"<div  class=\"vc_row wpb_row vc_row-fluid vc_column-gap-default ts-row-wide ts-parallax-bg\"  style=\"background-image: url(https:\/\/oktayyilmazsazevi.com\/wp-content\/uploads\/2023\/01\/trt-belgeseli-arka-plan-resmi-oktay-yilmaz-1.jpg);\"><div class=\"wpb_column vc_column_container vc_col-sm-12\">\n\t<div class=\"wpb_wrapper\">\n\t\n\t<div class=\"wpb_text_column wpb_content_element  vc_custom_1677209384398\" >\n\t\t<div class=\"wpb_wrapper\">\n\t\t\t<h2 style=\"color: #ffffff !important;\">Ba\u011flaman\u0131 Olu\u015ftur<\/h2>\n<p style=\"color: white !important;\">Oktay Y\u0131lmaz Saz Evi olarak se\u00e7mi\u015f oldu\u011funuz \u00f6zelliklerdeki ba\u011flamay\u0131 el eme\u011fi ile \u00f6zel olarak tasarl\u0131yor ve size ula\u015ft\u0131r\u0131yoruz.<\/p>\n\n\t\t<\/div>\n\t<\/div>\n\t<\/div>\n<\/div><\/div>\t<div  class=\"vc_row wpb_row vc_row-fluid vc_column-gap-default ts-row-wide\"  ><div class=\"wpb_column vc_column_container vc_col-sm-6\">\n\t<div class=\"wpb_wrapper\">\n\t<div class=\"vc_empty_space\"   style=\"height: 32px\"><span class=\"vc_empty_space_inner\"><\/span><\/div>\n\t<div class=\"wpb_text_column wpb_content_element\" id=\"govdeagacigelen\">\n\t\t<div class=\"wpb_wrapper\">\n\t\t\t<p>Ba\u011flaman\u0131 olu\u015fturma a\u015famas\u0131nda benzer ba\u011flamalar\u0131da burada g\u00f6sterece\u011fiz.<\/p>\n\n\t\t<\/div>\n\t<\/div>\n\t<\/div>\n<\/div><div class=\"wpb_column vc_column_container vc_col-sm-6\">\n\t<div class=\"wpb_wrapper\">\n\t<div class=\"vc_empty_space\"   style=\"height: 32px\"><span class=\"vc_empty_space_inner\"><\/span><\/div>\n\t<div class=\"wpb_text_column wpb_content_element\" >\n\t\t<div class=\"wpb_wrapper\">\n\t\t\t<h3>Ba\u011flamanda Hangi \u00d6zellikleri \u0130stersin?<\/h3>\n<p>[contact-form-7 id=&#8221;18693&#8243; title=&#8221;\u00d6zel Sipari\u015f&#8221;]<\/p>\n\n\t\t<\/div>\n\t<\/div>\n\t<\/div>\n<\/div><\/div>\t<div  class=\"vc_row wpb_row vc_row-fluid vc_column-gap-default ts-row-wide\"  ><div class=\"wpb_column vc_column_container vc_col-sm-12\">\n\t<div class=\"wpb_wrapper\">\n\t\n\t<div class=\"wpb_text_column wpb_content_element\" >\n\t\t<div class=\"wpb_wrapper\">\n\t\t\t<h3><strong>Nas\u0131l \u00c7al\u0131\u015f\u0131yor?<\/strong><\/h3>\n<p>A\u015fa\u011f\u0131da bulunan alanlarda sizlerden ba\u011flamada olmas\u0131n\u0131 arzu etti\u011finiz\u00a0 \u00f6zellikleri belirtmenizi istiyoruz. Se\u00e7mi\u015f oldu\u011funuz \u00f6zellikler, ba\u011flama konusunda y\u0131llar\u0131n\u0131 vermi\u015f ustalar\u0131m\u0131z\u0131n sistemine d\u00fc\u015fer. Ard\u0131ndan ba\u011flama i\u00e7in gerekli malzeme \u00f6zellikleri tam olarak belirlenir. Ustalar\u0131m\u0131z\u0131n de\u011ferlendirmelerinden\u00a0 sonra m\u00fc\u015fteri temsilcilerimiz sizi cep telefonunuzdan arayarak, fiyat ve ba\u011flaman\u0131n detaylar\u0131 hakk\u0131nda bilgilendirir. Sizin onaylaman\u0131z\u00a0 halinde ise ba\u011flaman\u0131z haz\u0131rlanmaya ba\u015flan\u0131r.<\/p>\n<p>\u0130stenilen \u00f6zelliklere sahip yeni bir ba\u011flaman\u0131n \u00fcretim s\u00fcreci ortalama 6 ay\u00a0 s\u00fcrmektedir. \u015eayet at\u00f6lyemizde ayn\u0131 \u00f6zelliklerde yap\u0131m s\u00fcreci devam etmekte olan ba\u015fka ba\u011flamalar varsa beklemeniz gereken s\u00fcre\u00e7 k\u0131salacakt\u0131r. Bize arzu etti\u011finiz \u00f6zellikleri i\u00e7eren tabloyu g\u00f6nderdi\u011finizde gerekli de\u011ferlendirmeler yap\u0131ld\u0131ktan sonra\u00a0 s\u00fcre\u00e7 konusunda da bilgilendirme yap\u0131lacakt\u0131r.<\/p>\n<p>E\u011fer yeni bir ba\u011flama olu\u015fturmak yerine, yap\u0131m\u0131 tamamlanm\u0131\u015f bir ba\u011flama sat\u0131n almak istiyor iseniz de <a href=\"https:\/\/oktayyilmazsazevi.com\/fr\/urunler\/\">\u00fcr\u00fcnler<\/a> sayfam\u0131zda mevcut \u00fcr\u00fcnlerimize bakabilirsiniz.<\/p>\n<p>Yine de akl\u0131n\u0131za tak\u0131lan sorular i\u00e7in <a href=\"https:\/\/oktayyilmazsazevi.com\/fr\/sss\/\">Questions fr\u00e9quemment pos\u00e9es<\/a> sayfam\u0131z\u0131 ziyaret edebilir veya<a href=\"https:\/\/oktayyilmazsazevi.com\/fr\/iletisim\/\"> ileti\u015fim<\/a> sayfam\u0131zda bulunan irtibat bilgilerimizden bize ula\u015fabilirsiniz.<\/p>\n\n\t\t<\/div>\n\t<\/div>\n\t<\/div>\n<\/div><\/div>","protected":false},"excerpt":{"rendered":"Ba\u011flaman\u0131 Olu\u015ftur Oktay Y\u0131lmaz Saz Evi olarak se\u00e7mi\u015f oldu\u011funuz \u00f6zelliklerdeki ba\u011flamay\u0131 el eme\u011fi ile \u00f6zel olarak tasarl\u0131yor ve size ula\u015ft\u0131r\u0131yoruz. Ba\u011flaman\u0131 olu\u015fturma a\u015famas\u0131nda benzer ba\u011flamalar\u0131da burada g\u00f6sterece\u011fiz. Ba\u011flamanda Hangi \u00d6zellikleri \u0130stersin? [contact-form-7 id=\"18693\" title=\"\u00d6zel Sipari\u015f\"] Nas\u0131l \u00c7al\u0131\u015f\u0131yor? A\u015fa\u011f\u0131da bulunan alanlarda sizlerden ba\u011flamada olmas\u0131n\u0131 arzu etti\u011finiz\u00a0 \u00f6zellikleri belirtmenizi istiyoruz. Se\u00e7mi\u015f oldu\u011funuz \u00f6zellikler, ba\u011flama konusunda y\u0131llar\u0131n\u0131 vermi\u015f [...]","protected":false},"author":39,"featured_media":0,"parent":0,"menu_order":0,"comment_status":"closed","ping_status":"closed","template":"","meta":{"footnotes":""},"class_list":["post-18719","page","type-page","status-publish","hentry"],"_links":{"self":[{"href":"https:\/\/oktayyilmazsazevi.com\/fr\/wp-json\/wp\/v2\/pages\/18719","targetHints":{"allow":["GET"]}}],"collection":[{"href":"https:\/\/oktayyilmazsazevi.com\/fr\/wp-json\/wp\/v2\/pages"}],"about":[{"href":"https:\/\/oktayyilmazsazevi.com\/fr\/wp-json\/wp\/v2\/types\/page"}],"author":[{"embeddable":true,"href":"https:\/\/oktayyilmazsazevi.com\/fr\/wp-json\/wp\/v2\/users\/39"}],"replies":[{"embeddable":true,"href":"https:\/\/oktayyilmazsazevi.com\/fr\/wp-json\/wp\/v2\/comments?post=18719"}],"version-history":[{"count":0,"href":"https:\/\/oktayyilmazsazevi.com\/fr\/wp-json\/wp\/v2\/pages\/18719\/revisions"}],"wp:attachment":[{"href":"https:\/\/oktayyilmazsazevi.com\/fr\/wp-json\/wp\/v2\/media?parent=18719"}],"curies":[{"name":"wp","href":"https:\/\/api.w.org\/{rel}","templated":true}]}}