{"id":4182,"date":"2015-06-20T16:11:19","date_gmt":"2015-06-20T09:11:19","guid":{"rendered":"http:\/\/localhost\/drile\/?page_id=4182"},"modified":"2023-05-06T15:42:58","modified_gmt":"2023-05-06T08:42:58","slug":"oktay-yilmaz-saz-evi-hakkimizda-sayfasi","status":"publish","type":"page","link":"https:\/\/oktayyilmazsazevi.com\/fr\/oktay-yilmaz-saz-evi-hakkimizda-sayfasi\/","title":{"rendered":"\u00e0 propos de nous"},"content":{"rendered":"<h1 style=\"font-size: 28px;\">\u00e0 propos de nous<\/h1>\n<div id=\"attachment_18691\" style=\"width: 810px\" class=\"wp-caption alignnone\"><img loading=\"lazy\" decoding=\"async\" aria-describedby=\"caption-attachment-18691\" class=\"wp-image-18691 size-full\" src=\"https:\/\/oktayyilmazsazevi.com\/wp-content\/uploads\/2020\/11\/Hakk\u0131m\u0131zda-g\u00f6rseli.png\" alt=\"Oktay Y\u0131lmaz Saz Evi Ba\u011flamalar\u0131\" width=\"800\" height=\"394\" srcset=\"https:\/\/oktayyilmazsazevi.com\/wp-content\/uploads\/2020\/11\/Hakk\u0131m\u0131zda-g\u00f6rseli.png 800w, https:\/\/oktayyilmazsazevi.com\/wp-content\/uploads\/2020\/11\/Hakk\u0131m\u0131zda-g\u00f6rseli-320x158.png 320w, https:\/\/oktayyilmazsazevi.com\/wp-content\/uploads\/2020\/11\/Hakk\u0131m\u0131zda-g\u00f6rseli-768x378.png 768w, https:\/\/oktayyilmazsazevi.com\/wp-content\/uploads\/2020\/11\/Hakk\u0131m\u0131zda-g\u00f6rseli-16x8.png 16w\" sizes=\"auto, (max-width: 800px) 100vw, 800px\" \/><p id=\"caption-attachment-18691\" class=\"wp-caption-text\">Oktay Y\u0131lmaz Saz Evi Ba\u011flamalar\u0131<\/p><\/div>\n<p>Oktay Y\u0131lmaz Saz Evi ba\u011flamalar\u0131 hakk\u0131nda, bu sayfada detayl\u0131 bilgileri bulabileceksiniz. K\u0131sa sap ve uzun sap ba\u011flama ve di\u011fer ba\u011flama \u00e7e\u015fitlerini \u00fcretirken kazand\u0131\u011f\u0131m\u0131z deneyim. Ayr\u0131ca gelecekte ba\u011flama k\u00fclt\u00fcr\u00fcn\u00fc devam ettirmek i\u00e7in neler yapt\u0131\u011f\u0131m\u0131z\u0131 dair i\u00e7erikler bu sayfam\u0131zda.<\/p>\n<p><strong>\u0130\u00e7indekiler<\/strong><\/p>\n<ul>\n<li><a href=\"#hakkimizda\">\u00e0 propos de nous<\/a><\/li>\n<li><a href=\"#misyonumuz\">Misyonumuz<\/a><\/li>\n<li><a href=\"#kisa-sap\">instrument \u00e0 manche court<\/a><\/li>\n<li><a href=\"#uzun-sap\">instrument \u00e0 long manche<\/a><\/li>\n<li><a href=\"#fiyat\">Ba\u011flama Fiyatlar\u0131<\/a><\/li>\n<li><a href=\"#magaza\">Ba\u011flama Sat\u0131\u015f Ma\u011fazalar\u0131m\u0131z<\/a><\/li>\n<li><a href=\"#hesap\">Banka Hesap Bilgilerimiz<\/a><\/li>\n<\/ul>\n<h2 id=\"hakkimizda\">\u00e0 propos de nous<\/h2>\n<p>1973 Y\u0131l\u0131nda aile \u015firketi olarak, y\u00fczy\u0131llard\u0131r medeniyetimizin ve k\u00fclt\u00fcr\u00fcm\u00fcz\u00fcn be\u015fi\u011fi olan Anadolu&#8217;dan\u00a0 ba\u015flayan yolcu\u011fumuz; bilgi ve birikimimiz ile olu\u015fturdu\u011fumuz <strong>OKTAY YILMAZ SAZ EV\u0130<\/strong> marka de\u011feri ile geleneksel ba\u011flama \u00fcretiminde, Maltepe\u2019de 600m2 b\u00fcy\u00fck at\u00f6lye ve 1200 m2 do\u011fal kurutma y\u00f6ntemine sahip T\u00fcrkiye\u2019deki en b\u00fcy\u00fck depolama ve kurutma alan\u0131, Okmeydan\u0131\u2019nda kaba ve ince i\u015fler at\u00f6lyeleri ile imalatlar\u0131m\u0131z, Unkapan\u0131 sat\u0131\u015f ma\u011fazas\u0131, Okmeydan\u0131 sat\u0131\u015f ma\u011fazas\u0131 ile de toptan ve perakende sat\u0131\u015flar\u0131m\u0131z devam etmektedir.<\/p>\n<h3 id=\"misyonumuz\">Misyonumuz<\/h3>\n<p>Ba\u011flama \u00e7almay\u0131 herkes i\u00e7in daha ula\u015f\u0131labilir k\u0131lmak, her ya\u015ftan ve seviyeden insan\u0131m\u0131za ba\u011flamay\u0131 sevdirmek ve k\u00fclt\u00fcre kazand\u0131rmak i\u00e7in var g\u00fcz\u00fcm\u00fczle \u00e7al\u0131\u015fmalar\u0131m\u0131za devam etmekteyiz. Ba\u011flamaya g\u00f6n\u00fcl veren hi\u00e7bir birey bizim i\u00e7in sadece m\u00fc\u015fteri de\u011fil, bu k\u00fclt\u00fcr\u00fcn temsilcisidir. Herkes i\u00e7in ba\u011flama ve k\u00fclt\u00fcr\u00fcn devaml\u0131l\u0131\u011f\u0131 bizim sorumlulu\u011fumuzdad\u0131r. Kalitede g\u00fcvence misyonumuzla \u00fclkemizin k\u00fclt\u00fcrel ve sanatsal olarak kalk\u0131nmas\u0131na katk\u0131 sa\u011flama inanc\u0131yla k\u00fclt\u00fcre ilham verip, de\u011fer katma anlay\u0131\u015f\u0131yla hizmetinizdeyiz.<\/p>\n<p>T\u00fcm Oktay Y\u0131lmaz Saz Evi ailesi \u00e7al\u0131\u015fanlar\u0131 ile el ele omuz omuza devam etti\u011fimiz bu yolda bilgi birikim ve ustal\u0131kla vard\u0131\u011f\u0131m\u0131z noktada olu\u015fturdu\u011fumuz marka de\u011feri ile hep daha da iyi olan\u0131 \u00fcretmek ve sunmak i\u00e7in \u00e7al\u0131\u015fmaya devam edece\u011fiz.<\/p>\n<p>Ayr\u0131ca T\u00fcrkiye ve t\u00fcm d\u00fcnyada m\u00fczik enstr\u00fcmanlar\u0131 ve ba\u011flama sekt\u00f6r\u00fcnde g\u00fczel sanatlar liseleri, konservatuarlar, devlet liseleri ve kurumlar\u0131na tedarik hizmeti sunmaktay\u0131z.<\/p>\n<h3 id=\"kisa-sap\">instrument \u00e0 manche court<\/h3>\n<p>Genelde ilk ba\u015flayan neredeyse herkes k\u0131sa sap ile ba\u015flar. K\u0131sa sap ba\u011flamalarda ilk ba\u015flayan ki\u015filere, daha kolay al\u0131nabilir olmas\u0131 nedeniyle daha uygun fiyatl\u0131 tutmaya \u00e7al\u0131\u015f\u0131yoruz. Ayr\u0131ca k\u0131sa sap ba\u011flamalarda kulland\u0131\u011f\u0131m\u0131z a\u011fa\u00e7 t\u00fcrleri \u015fu \u015fekilde;<\/p>\n<ul>\n<li>Afromozya A\u011fac\u0131<\/li>\n<li>Ard\u0131\u00e7 A\u011fac\u0131<\/li>\n<li>Ceviz A\u011fac\u0131<\/li>\n<li>Dut A\u011fac\u0131<\/li>\n<li>G\u00fcl A\u011fac\u0131<\/li>\n<li>Hareli Kelebek A\u011fac\u0131<\/li>\n<li>\u0130reko A\u011fac\u0131<\/li>\n<li>Karaa\u011fa\u00e7 A\u011fac\u0131<\/li>\n<li>Kay\u0131s\u0131 A\u011fac\u0131<\/li>\n<li>Kelebek A\u011fac\u0131<\/li>\n<li>Kestane A\u011fac\u0131<\/li>\n<li>Kiraz A\u011fac\u0131<\/li>\n<li>Maun A\u011fac\u0131<\/li>\n<li>Maun M\u00fchendislik A\u011fac\u0131<\/li>\n<li>Movingui A\u011fac\u0131<\/li>\n<li>M\u00fchendislik A\u011fac\u0131<\/li>\n<li>Ovenkol A\u011fac\u0131<\/li>\n<li>Oyma Dut A\u011fac\u0131<\/li>\n<li>Oyma Kestane A\u011fac\u0131<\/li>\n<li>Padok A\u011fac\u0131<\/li>\n<li>Paduk A\u011fac\u0131<\/li>\n<li>Pamela A\u011fac\u0131<\/li>\n<li>Pamela Maunu A\u011fac\u0131<\/li>\n<li>\u00a0Sar\u0131 Ard\u0131\u00e7 A\u011fac\u0131<\/li>\n<\/ul>\n<p>Yukar\u0131da g\u00f6rd\u00fc\u011f\u00fcn\u00fcz a\u011fa\u00e7lar\u0131n hepsinden k\u0131sa sap ba\u011flama \u00fcrettik. Bu ba\u011flamalar\u0131 \u00fcretirken aylarca depolar\u0131m\u0131zda kurutmam\u0131z dinlendirmemiz gerekti. Ayn\u0131 \u015fekilde bu a\u011fa\u00e7lar\u0131n her birinde, kusursuz ba\u011flamalar \u00fcretmeyi ba\u015fard\u0131k. Ayr\u0131ca ma\u011fazalar\u0131m\u0131zdan ve internet sitemizden bir ba\u011flama ald\u0131\u011f\u0131n\u0131zda, 50 y\u0131ll\u0131k tecr\u00fcbe ve eme\u011fide sat\u0131n alm\u0131\u015f oluyorsunuz.<\/p>\n<h3 id=\"uzun-sap\">instrument \u00e0 long manche<\/h3>\n<p>Uzun sap ba\u011flamalar daha profosyenel kullan\u0131c\u0131lara hitap eder. Ses aral\u0131\u011f\u0131 geni\u015f olmas\u0131ndan dolay\u0131, daha iyi kontrol sa\u011flar. Ba\u011flamadan \u00e7\u0131kan sesler, harika bir deneyim ya\u015fat\u0131r. Uzun sap ba\u011flamalarda fiyatlar k\u0131sa sap ba\u011flamalardan 1 t\u0131k fazlad\u0131r. Buda sap\u0131n uzamas\u0131 nedeniyle kullan\u0131lacak malzemenin artmas\u0131 anlam\u0131na gelmektedir.<\/p>\n<p>\u0130nternet sitemizde ba\u011flamalar\u0131 almadan \u00f6nce, daha net g\u00f6rebilmeniz i\u00e7in video incelemeleride payla\u015f\u0131yoruz. Di\u011fer ba\u011flama sat\u0131\u015f noktalar\u0131na g\u00f6re, ba\u011flama i\u015finde kusursuz i\u015f \u00e7\u0131karmak i\u00e7in b\u00fcy\u00fck bir ekib ile \u00e7al\u0131\u015f\u0131yoruz. Ayr\u0131ca Uzun sap ba\u011flamalar i\u00e7inde \u00fcr\u00fcnlere girdi\u011finizde, \u00f6n g\u00f6rselin sa\u011f alt\u0131na bakt\u0131\u011f\u0131n\u0131zda video mevcut ise tan\u0131t\u0131m videosu iconuna t\u0131klay\u0131p izleyebilirsiniz.<\/p>\n<h4 id=\"fiyat\">Saz Fiyatlar\u0131<\/h4>\n<p>Saz fiyatlar\u0131, ba\u011flamada kullan\u0131lan her malzemenin g\u00f6vde a\u011fac\u0131, g\u00f6vde \u00e7\u0131tas\u0131 a\u011fac\u0131, kapak a\u011fac\u0131, klavye a\u011fac\u0131, kravat a\u011fac\u0131 sap \u00e7\u0131tas\u0131 a\u011fac\u0131 ve burgu a\u011fac\u0131 de\u011fi\u015fmektedir. Ayr\u0131ca Bu y\u00fczden 2 bin TL ile 10 bin TL aras\u0131nda bir \u00e7ok se\u00e7enek bulabilirsiniz. Ayr\u0131ca A\u011fa\u00e7 t\u00fcr\u00fc d\u0131\u015f\u0131nda ba\u011flaman\u0131n k\u0131sa sap ve uzun sap olmas\u0131 g\u00fcvde boyuda fiyat\u0131 etkilemektedir.<\/p>\n<p>Genelde k\u0131sa sap ba\u011flamalar\u0131m\u0131z\u0131n fiyat\u0131n\u0131 daha uygun tutmaktay\u0131z. K\u0131sa sap ba\u011flama \u00fcr\u00fcnlerimize <a href=\"https:\/\/oktayyilmazsazevi.com\/fr\/urun-kategorileri\/kisa-sap-baglama\/\">buraya<\/a> t\u0131klayarak ula\u015fabilirsiniz. Veya <a href=\"https:\/\/www.instagram.com\/oktayyilmazsazevi.official\/\">instagram<\/a> sayfam\u0131zdan da bizi takip edebilirsiniz.<\/p>\n<h5 id=\"magaza\">Oktay Y\u0131lmaz Saz Evi Ba\u011flamalar\u0131na sahip olmak i\u00e7in sat\u0131\u015f ma\u011fazalar\u0131m\u0131z<\/h5>\n<p><strong>Branche Unkapan\u0131<\/strong><\/p>\n<p>Hac\u0131kad\u0131n Mah. Atat\u00fcrk Bulvar\u0131 \u0130M\u00c7 6. Blok No: 6316 Fatih\/\u0130stanbul<\/p>\n<p><strong>Okmeydan\u0131 \u015eube<\/strong><\/p>\n<p>Anadolu Kahvesi Hasat Sok. No: 7\/A Okmeydan\u0131 \/Beyo\u011flu \/\u0130STANBUL<\/p>\n<p><strong>Notre atelier<\/strong><\/p>\n<p>Cevizli Mah. H\u0131z\u0131r Reis Sok. No:29\/3 Maltepe \/ \u0130STANBUL<\/p>\n<h6 id=\"hesap\">Banka Hesap Bilgilerimiz<\/h6>\n<p>VAKIFBANK DRAGOS \u015eUBE OKTAY YILMAZ HESABI<br \/>\n\u0130BAN :TR90 0001 5001 5800 7313 6539 86 TL<\/p>\n<p>\u0130\u015eBANKASI OKTAY YILMAZ UNKAPANI \u015eUBES\u0130<br \/>\n\u0130BAN :TR82 0006 4000 0011 0580 5985 32 TL<\/p>\n<p>\u0130\u015eBANKASI OKTAY YILMAZ RAHMANLAR HESABI<br \/>\n\u0130BAN : TR84 0006 4000 0011 1880 7187 90 TL<\/p>\n<p>Z\u0130RAAT BANKASI OKTAY YILMAZ CEV\u0130ZL\u0130 \u015eUBE<br \/>\nVADES\u0130Z TL [241524]<br \/>\nHESAP NO:2827929-1002<br \/>\n\u0130BAN:TR83 0001 0008 5102 8279 2950 03<\/p>","protected":false},"excerpt":{"rendered":"<p>Hakk\u0131m\u0131zda Oktay Y\u0131lmaz Saz Evi ba\u011flamalar\u0131 hakk\u0131nda, bu sayfada detayl\u0131 bilgileri bulabileceksiniz. K\u0131sa sap ve uzun sap ba\u011flama ve di\u011fer ba\u011flama \u00e7e\u015fitlerini \u00fcretirken kazand\u0131\u011f\u0131m\u0131z deneyim. Ayr\u0131ca gelecekte ba\u011flama k\u00fclt\u00fcr\u00fcn\u00fc devam ettirmek i\u00e7in neler yapt\u0131\u011f\u0131m\u0131z\u0131 dair i\u00e7erikler bu sayfam\u0131zda. \u0130\u00e7indekiler Hakk\u0131m\u0131zda Misyonumuz K\u0131sa Sap Ba\u011flama Uzun Sap Ba\u011flama Ba\u011flama Fiyatlar\u0131 Ba\u011flama Sat\u0131\u015f Ma\u011fazalar\u0131m\u0131z Banka Hesap Bilgilerimiz [&hellip;]<\/p>","protected":false},"author":39,"featured_media":0,"parent":0,"menu_order":0,"comment_status":"closed","ping_status":"closed","template":"","meta":{"footnotes":""},"class_list":["post-4182","page","type-page","status-publish","hentry"],"_links":{"self":[{"href":"https:\/\/oktayyilmazsazevi.com\/fr\/wp-json\/wp\/v2\/pages\/4182","targetHints":{"allow":["GET"]}}],"collection":[{"href":"https:\/\/oktayyilmazsazevi.com\/fr\/wp-json\/wp\/v2\/pages"}],"about":[{"href":"https:\/\/oktayyilmazsazevi.com\/fr\/wp-json\/wp\/v2\/types\/page"}],"author":[{"embeddable":true,"href":"https:\/\/oktayyilmazsazevi.com\/fr\/wp-json\/wp\/v2\/users\/39"}],"replies":[{"embeddable":true,"href":"https:\/\/oktayyilmazsazevi.com\/fr\/wp-json\/wp\/v2\/comments?post=4182"}],"version-history":[{"count":0,"href":"https:\/\/oktayyilmazsazevi.com\/fr\/wp-json\/wp\/v2\/pages\/4182\/revisions"}],"wp:attachment":[{"href":"https:\/\/oktayyilmazsazevi.com\/fr\/wp-json\/wp\/v2\/media?parent=4182"}],"curies":[{"name":"wp","href":"https:\/\/api.w.org\/{rel}","templated":true}]}}