{"id":760,"date":"2014-12-15T07:00:36","date_gmt":"2014-12-15T07:00:36","guid":{"rendered":"http:\/\/localhost\/drile\/?page_id=760"},"modified":"2023-04-15T16:55:09","modified_gmt":"2023-04-15T09:55:09","slug":"sss","status":"publish","type":"page","link":"https:\/\/oktayyilmazsazevi.com\/fr\/sss\/","title":{"rendered":"Questions fr\u00e9quemment pos\u00e9es"},"content":{"rendered":"<div  class=\"vc_row wpb_row vc_row-fluid vc_column-gap-default ts-row-wide\"  ><div class=\"wpb_column vc_column_container vc_col-sm-12\">\n\t<div class=\"wpb_wrapper\">\n\t\n\t<div class=\"wpb_text_column wpb_content_element\" >\n\t\t<div class=\"wpb_wrapper\">\n\t\t\t<h1>Questions fr\u00e9quemment pos\u00e9es<\/h1>\n<p>Akl\u0131n\u0131za tak\u0131lan sorular\u0131n cevab\u0131n\u0131 bu sayfada bulabilirsiniz.<\/p>\n<p><a style=\"background-color: black; color: white; padding: 5px;\" href=\"#siparis\">Sipari\u015f<\/a> <a style=\"background-color: black; color: white; padding: 5px;\" href=\"#urun\">\u00dcr\u00fcn<\/a> <a style=\"background-color: black; color: white; padding: 5px;\" href=\"#kargo\">Kargo<\/a> <a style=\"background-color: black; color: white; padding: 5px;\" href=\"#uyelik\">\u00dcyelik<\/a> <a style=\"background-color: black; color: white; padding: 5px;\" href=\"#soru\">Soru Sorun<\/a><\/p>\n\n\t\t<\/div>\n\t<\/div>\n\t<\/div>\n<\/div><\/div>\t<div  class=\"vc_row wpb_row vc_row-fluid vc_column-gap-default ts-row-wide\"  ><div class=\"wpb_column vc_column_container vc_col-sm-6\">\n\t<div class=\"wpb_wrapper\">\n\t\n\t<div class=\"wpb_text_column wpb_content_element\" >\n\t\t<div class=\"wpb_wrapper\">\n\t\t\t<h3 id=\"siparis\">Sipari\u015f<\/h3>\n\n\t\t<\/div>\n\t<\/div>\n<div  class=\"vc_toggle vc_toggle_default vc_toggle_color_default  vc_toggle_size_md\"><div class=\"vc_toggle_title\"><h4>Sipari\u015f verdi\u011fim adresi de\u011fi\u015ftirebilir miyim?<\/h4><i class=\"vc_toggle_icon\"><\/i><\/div><div class=\"vc_toggle_content\"><p>Kargoya verilmemi\u015f her \u00fcr\u00fcn i\u00e7in teslimat adresi de\u011fi\u015ftirebilirsiniz. H\u0131zl\u0131 bir \u015fekilde sipari\u015finizi haz\u0131rlayan g\u00f6revliye ula\u015fmak i\u00e7in <i class=\"fas fa-phone-alt\" title=\"notre t\u00e9l\u00e9phone\"><\/i>\u00a0<a href=\"tel:905332906891\">(+90) 533 290 68 91<\/a> bu numaray\u0131 arayabilir yada WhatsApp \u00fczerinden yazabilirsiniz.<\/p>\n<\/div><\/div><div  class=\"vc_toggle vc_toggle_default vc_toggle_color_default  vc_toggle_size_md\"><div class=\"vc_toggle_title\"><h4>Sipari\u015fimde kargo \u00fccretini g\u00f6remiyorum?<\/h4><i class=\"vc_toggle_icon\"><\/i><\/div><div class=\"vc_toggle_content\"><p>Yurti\u00e7indeki sipari\u015fleriniz \u00fccretsiz kargolanmaktad\u0131r. Bundan dolay\u0131 kargo \u00fccreti g\u00f6remiyorsunuz.<\/p>\n<\/div><\/div><div  class=\"vc_toggle vc_toggle_default vc_toggle_color_default  vc_toggle_size_md\"><div class=\"vc_toggle_title\"><h4>oktayyilmazsazevi.com &#039;dan al\u0131\u015fveri\u015f yapmak g\u00fcvenli midir?<\/h4><i class=\"vc_toggle_icon\"><\/i><\/div><div class=\"vc_toggle_content\"><p>\u0130nternette gezdi\u011finiz di\u011fer sitelere g\u00f6re daha \u00fcst seviye bir g\u00fcvenlik politikam\u0131z var. \u00d6demelerinizi T\u00fcrkiye&#8217;nin en b\u00fcy\u00fck sanal post firmas\u0131 olan iyzico ile sa\u011fl\u0131yoruz. Ayr\u0131ca verilerinizi 128 bit ssl sertifikas\u0131 ile 2 kez \u015fifreliyoruz. Ve \u00f6zellikle ki\u015fisel bilgilerinizi sitemizin yaz\u0131l\u0131m geli\u015ftiricileri dahi g\u00f6remeyece\u011fi \u015fekilde \u015fifreleyerek, veri taban\u0131nda tutuyoruz. Yani veri taban\u0131na girmeyi ba\u015faran biri bile sizin bilgilerinizi asla g\u00f6remez.<\/p>\n<\/div><\/div><div  class=\"vc_toggle vc_toggle_default vc_toggle_color_default  vc_toggle_size_md\"><div class=\"vc_toggle_title\"><h4>Sipari\u015fim Hangi Sebeplerden Dolay\u0131 Gecikebilir?<\/h4><i class=\"vc_toggle_icon\"><\/i><\/div><div class=\"vc_toggle_content\"><p>Ola\u011fan\u00fcst\u00fc durumlarda ani de\u011fi\u015fen ekonomik \u015fartlar, do\u011fal afet, kargo arac\u0131 kaza yaparsa, s\u0131k\u0131y\u00f6netim uygulanan OHAL b\u00f6lgelerinde, v.b., nedenlerle gecikmeler olabilir.<\/p>\n<p>Teslimatta do\u011fabilecek gecikmeler:<br \/>\n*Kargo firmas\u0131 sizi yerinizde bulamad\u0131\u011f\u0131nda kap\u0131n\u0131za not b\u0131rak\u0131r.<br \/>\n*Baz\u0131 uzak noktalara kargo \u015firketleri teslimat yapamamakta telefon ile bildirmektedir.<\/p>\n<p>Ola\u011fan\u00fcst\u00fc Durumlar;<br \/>\n*Do\u011fal afetlerde,<br \/>\n*Kargo arac\u0131 ar\u0131zalan\u0131r ya da kaza yaparsa,<br \/>\n*S\u0131k\u0131y\u00f6netim uygulanan OHAL b\u00f6lgelerinde, v.b. durumlar da gecikmelere neden olabilir.<br \/>\n*Ani do\u011fabilecek ekonomik de\u011fi\u015fiklikler (Bu gibi durumlarda e-posta&#8217;n\u0131zdan bilgilendirilirsiniz).<\/p>\n<\/div><\/div><div  class=\"vc_toggle vc_toggle_default vc_toggle_color_default  vc_toggle_size_md\"><div class=\"vc_toggle_title\"><h4>Sipari\u015fimi \u0130ptal Edebilir miyim?<\/h4><i class=\"vc_toggle_icon\"><\/i><\/div><div class=\"vc_toggle_content\"><p>Kargoya verilmemi\u015f ise sipari\u015finizi hemen iptal edebilirsiniz. \u0130ptal ger\u00e7ekle\u015ftikten sonra dilerseniz firmam\u0131z\u0131 da aray\u0131p teyit edebilirsiniz. \u00d6demeyi kredi kart\u0131 ile yapm\u0131\u015f iseniz, tutar hi\u00e7 bir kesinti yap\u0131lmadan kart\u0131n\u0131za iade edilecektir. \u00d6demeyi havale ile yapm\u0131\u015f iseniz tutar hi\u00e7 bir kesinti yap\u0131lmadan hesab\u0131n\u0131za\u00a0 iade (havale) yap\u0131lacakt\u0131r.<\/p>\n<p>E\u011fer sipari\u015finiz kargoya verildikten sonra iptal ettirmek isterseniz, sayfan\u0131n alt\u0131nda bulunan \u00fcr\u00fcn iade \u015fartlar\u0131 ge\u00e7erli olacakt\u0131r.<\/p>\n<\/div><\/div><div  class=\"vc_toggle vc_toggle_default vc_toggle_color_default  vc_toggle_size_md\"><div class=\"vc_toggle_title\"><h4>Sipari\u015fimi ma\u011fazadan teslim alabilir miyim?<\/h4><i class=\"vc_toggle_icon\"><\/i><\/div><div class=\"vc_toggle_content\"><p><i class=\"fas fa-phone-alt\" title=\"notre t\u00e9l\u00e9phone\"><\/i>\u0130leti\u015fim numaram\u0131zdan talebinizi iletmeniz halinde tabi ki teslim alabilirsiniz.<\/p>\n<\/div><\/div><div  class=\"vc_toggle vc_toggle_default vc_toggle_color_default  vc_toggle_size_md\"><div class=\"vc_toggle_title\"><h4>Faturay\u0131 \u015firketimin ad\u0131na kestirmek istiyorum.<\/h4><i class=\"vc_toggle_icon\"><\/i><\/div><div class=\"vc_toggle_content\"><p>Sipari\u015f verirken adres b\u00f6l\u00fcm\u00fcn\u00fcn alt\u0131ndaki a\u00e7\u0131klama alan\u0131na faturan\u0131n nereye kesilece\u011fini belirtmelisiniz. Ayr\u0131ca bu talebi <i class=\"fas fa-phone-alt\" title=\"notre t\u00e9l\u00e9phone\"><\/i>\u00a0<a href=\"tel:905332906891\">(+90) 533 290 68 91<\/a> whatsapp numaram\u0131zdan bize iletebilirsiniz.<\/p>\n<\/div><\/div><div  class=\"vc_toggle vc_toggle_default vc_toggle_color_default  vc_toggle_size_md\"><div class=\"vc_toggle_title\"><h4>Sipari\u015fimde hata var ne yapmal\u0131y\u0131m?<\/h4><i class=\"vc_toggle_icon\"><\/i><\/div><div class=\"vc_toggle_content\"><p><i class=\"fas fa-phone-alt\" title=\"notre t\u00e9l\u00e9phone\"><\/i>\u00a0<a href=\"tel:905332906891\">(+90) 533 290 68 91<\/a> \u00fczerinden ileti\u015fime ge\u00e7meniz halinde sipari\u015finizdeki problemi \u00e7\u00f6zmek ad\u0131na yard\u0131mc\u0131 olaca\u011f\u0131z.<\/p>\n<\/div><\/div><div  class=\"vc_toggle vc_toggle_default vc_toggle_color_default  vc_toggle_size_md\"><div class=\"vc_toggle_title\"><h4>Kredi kart\u0131 kullanm\u0131yorum, nas\u0131l \u00f6deme yapabilirim?<\/h4><i class=\"vc_toggle_icon\"><\/i><\/div><div class=\"vc_toggle_content\"><p>\u00dcr\u00fcnleri Eft\/Havale ile sat\u0131n alabilirsiniz.<\/p>\n<\/div><\/div><div  class=\"vc_toggle vc_toggle_default vc_toggle_color_default  vc_toggle_size_md\"><div class=\"vc_toggle_title\"><h4>Sipari\u015fimde kupon kullanabilir miyim?<\/h4><i class=\"vc_toggle_icon\"><\/i><\/div><div class=\"vc_toggle_content\"><p>Evet, Oktay Y\u0131lmaz Saz Evi&#8217;nde belirli d\u00f6nemlerde indirim kuponlar\u0131 tan\u0131ml\u0131yoruz. Bu kuponlar\u0131 sepet sayfas\u0131nda tan\u0131mlayabilirsiniz.<\/p>\n<\/div><\/div><div  class=\"vc_toggle vc_toggle_default vc_toggle_color_default  vc_toggle_size_md\"><div class=\"vc_toggle_title\"><h4>Sipari\u015fimi Nereden G\u00f6rebilirim?<\/h4><i class=\"vc_toggle_icon\"><\/i><\/div><div class=\"vc_toggle_content\"><p>Sipari\u015finizi, hesab\u0131m men\u00fcs\u00fcnden g\u00f6rebilirsiniz. Ayr\u0131ca sipari\u015f olu\u015fturduktan sonra size mail ile bilgilendirme yapmaktay\u0131z. Ayr\u0131ca kargoya verildikten sonra da bilgilendirme al\u0131rs\u0131n\u0131z.<\/p>\n<\/div><\/div><div  class=\"vc_toggle vc_toggle_default vc_toggle_color_default  vc_toggle_size_md\"><div class=\"vc_toggle_title\"><h4>Sto\u011fu t\u00fckenen \u00fcr\u00fcnler tekrar sat\u0131\u015fta oldu\u011funda nas\u0131l haberdar olurum?<\/h4><i class=\"vc_toggle_icon\"><\/i><\/div><div class=\"vc_toggle_content\"><p><i class=\"fas fa-phone-alt\" title=\"notre t\u00e9l\u00e9phone\"><\/i>\u00dcr\u00fcnlerimiz el i\u015f\u00e7ili\u011fi ile haz\u0131rland\u0131\u011f\u0131 i\u00e7in benzersiz \u00fcr\u00fcnlerdir. Bu y\u00fczden ayn\u0131 \u00fcr\u00fcn stoklara tekrar girmeyebilir. Bu y\u00fczden s\u0131k s\u0131k sitemizi ziyaret etmenizi \u00f6neriyoruz.<\/p>\n<\/div><\/div><div  class=\"vc_toggle vc_toggle_default vc_toggle_color_default  vc_toggle_size_md\"><div class=\"vc_toggle_title\"><h4>Sipari\u015fimin Hangi A\u015famada Oldu\u011funu Nas\u0131l \u00d6\u011frenebilirim?<\/h4><i class=\"vc_toggle_icon\"><\/i><\/div><div class=\"vc_toggle_content\"><p>Sipari\u015finizin durumunu Sipari\u015f Takip sayfas\u0131ndan \u00f6\u011frenebilirsiniz.<\/p>\n<\/div><\/div><div  class=\"vc_toggle vc_toggle_default vc_toggle_color_default  vc_toggle_size_md\"><div class=\"vc_toggle_title\"><h4>Eskiden verdi\u011fim sipari\u015fi g\u00f6rebilir miyim?<\/h4><i class=\"vc_toggle_icon\"><\/i><\/div><div class=\"vc_toggle_content\"><p><i class=\"fas fa-phone-alt\" title=\"notre t\u00e9l\u00e9phone\"><\/i>Hesab\u0131n\u0131za giri\u015f yapt\u0131ktan sonra hesap men\u00fcs\u00fc \u00fczerinde g\u00f6rebilirsiniz.<\/p>\n<\/div><\/div><div  class=\"vc_toggle vc_toggle_default vc_toggle_color_default  vc_toggle_size_md\"><div class=\"vc_toggle_title\"><h4>Ba\u011flamalar\u0131 Toptan Sat\u0131\u015f Y\u00f6ntemi \u0130le Alabilir miyim?<\/h4><i class=\"vc_toggle_icon\"><\/i><\/div><div class=\"vc_toggle_content\"><p>Hay\u0131r. \u0130nternet sitesi i\u00e7in haz\u0131rlanan \u00fcr\u00fcnlerin yay\u0131nlama esnas\u0131 boyunca ciddi emekler verildi\u011finden dolay\u0131 bu \u00fcr\u00fcnleri toptan olarak satm\u0131yoruz. Ancak bizim ile irtibata ge\u00e7erek size benzer se\u00e7enekleri sunmaktan memnuniyet duyar\u0131z.<\/p>\n<\/div><\/div>\n\t<div class=\"wpb_text_column wpb_content_element\" >\n\t\t<div class=\"wpb_wrapper\">\n\t\t\t<h3 id=\"kargo\">Kargo<\/h3>\n\n\t\t<\/div>\n\t<\/div>\n<div  class=\"vc_toggle vc_toggle_default vc_toggle_color_default  vc_toggle_size_md\"><div class=\"vc_toggle_title\"><h4>Sipari\u015fim ne zaman kargoya haz\u0131r olur?<\/h4><i class=\"vc_toggle_icon\"><\/i><\/div><div class=\"vc_toggle_content\"><p><i class=\"fas fa-phone-alt\" title=\"notre t\u00e9l\u00e9phone\"><\/i>Pazartesi-Cumartesi 08.30\/17.30 aras\u0131nda verilen sipari\u015fler ayn\u0131 g\u00fcn kargoya haz\u0131rlan\u0131r.<\/p>\n<\/div><\/div><div  class=\"vc_toggle vc_toggle_default vc_toggle_color_default  vc_toggle_size_md\"><div class=\"vc_toggle_title\"><h4>Kap\u0131da \u00d6deme \u0130mkan\u0131n\u0131z Var m\u0131?<\/h4><i class=\"vc_toggle_icon\"><\/i><\/div><div class=\"vc_toggle_content\"><p>Evet. Anla\u015fmal\u0131 kargolar\u0131m\u0131z ile iste\u011finiz do\u011frultusunda kap\u0131da \u00f6deme ile al\u0131\u015fveri\u015f yapma imkan\u0131n\u0131z bulunmaktad\u0131r.<\/p>\n<\/div><\/div><div  class=\"vc_toggle vc_toggle_default vc_toggle_color_default  vc_toggle_size_md\"><div class=\"vc_toggle_title\"><h4>Kargo takip numaras\u0131na nas\u0131l ula\u015f\u0131r\u0131m?<\/h4><i class=\"vc_toggle_icon\"><\/i><\/div><div class=\"vc_toggle_content\"><p>Kay\u0131t olurken kullanm\u0131\u015f oldu\u011funuz mail adresine bilgilendirme g\u00f6nderiyoruz. Ayr\u0131ca kargo firmas\u0131 cep telefonunuza sms ile bilgilendirme yapmaktad\u0131r. Yine de baz\u0131 durumlarda takip numaras\u0131 ula\u015fmamas\u0131 durumunda bize ula\u015farak bilgi alabilirsiniz.<\/p>\n<p><i class=\"fas fa-phone-alt\" title=\"notre t\u00e9l\u00e9phone\"><\/i>Sipari\u015fimi ma\u011fazadan teslim alabilirmiyim?<\/p>\n<\/div><\/div><div  class=\"vc_toggle vc_toggle_default vc_toggle_color_default  vc_toggle_size_md\"><div class=\"vc_toggle_title\"><h4>T\u00fcrkiye i\u00e7ine kargo \u00fccretsiz mi?<\/h4><i class=\"vc_toggle_icon\"><\/i><\/div><div class=\"vc_toggle_content\"><p>Evet yurti\u00e7i sipari\u015flerde kargo \u00fccretini biz kar\u015f\u0131l\u0131yoruz.<\/p>\n<\/div><\/div><div  class=\"vc_toggle vc_toggle_default vc_toggle_color_default  vc_toggle_size_md\"><div class=\"vc_toggle_title\"><h4>Kargo Teslimat\u0131 S\u0131ras\u0131nda Yerimde Yoktum, Ne Yapmal\u0131y\u0131m?<\/h4><i class=\"vc_toggle_icon\"><\/i><\/div><div class=\"vc_toggle_content\"><p>Adres teslim sipari\u015flerinizde kargo ilgili ki\u015fiyi bulamazsa not b\u0131rak\u0131r.<br \/>\nAdresinizde hata varsa kargo bizi arayarak durumu bildirir ve bizde size durumu bildirerek teslim alman\u0131z\u0131 sa\u011flar\u0131z.<\/p>\n<\/div><\/div><div  class=\"vc_toggle vc_toggle_default vc_toggle_color_default  vc_toggle_size_md\"><div class=\"vc_toggle_title\"><h4>G\u00f6nderim S\u00fcreci Nas\u0131l Olmaktad\u0131r?<\/h4><i class=\"vc_toggle_icon\"><\/i><\/div><div class=\"vc_toggle_content\"><p>Sat\u0131lan \u00fcr\u00fcnler adrese kargo ile g\u00f6nderilir . Yurti\u00e7i sipari\u015flerde kargo \u00fccreti al\u0131nmamaktad\u0131r.\u00a0 Yurtd\u0131\u015f\u0131 g\u00f6nderimlerde ise kargo \u00fccretini sistem otomatik olarak hesaplar ve al\u0131\u015fveri\u015f esnas\u0131nda tahsil edilir.<\/p>\n<p>UYARI :<br \/>\n*Hasarl\u0131 ve eksik paketleri teslim almadan firmam\u0131z\u0131n acil m\u00fc\u015fteri yard\u0131m hatt\u0131n\u0131 aray\u0131n\u0131z geri g\u00f6nderiniz.<br \/>\n*Saat 15:00 &#8216;e kadar verilen sipari\u015fler ayn\u0131 g\u00fcn kargoya teslim edilir.<br \/>\n*Hafta sonu ve tatil g\u00fcnlerinde\u00a0 verilen sipari\u015fler takip eden ilk i\u015f g\u00fcn\u00fcnden itibaren i\u015fleme al\u0131n\u0131r.<\/p>\n<\/div><\/div><div  class=\"vc_toggle vc_toggle_default vc_toggle_color_default  vc_toggle_size_md\"><div class=\"vc_toggle_title\"><h4>Almanya dan sat\u0131n al\u0131rsak kargo yapar m\u0131s\u0131n\u0131z?<\/h4><i class=\"vc_toggle_icon\"><\/i><\/div><div class=\"vc_toggle_content\"><p>Evet. Almanya ya s\u0131k s\u0131k ba\u011flama g\u00f6nderiyoruz.<\/p>\n<\/div><\/div><div  class=\"vc_toggle vc_toggle_default vc_toggle_color_default  vc_toggle_size_md\"><div class=\"vc_toggle_title\"><h4>Japonya i\u00e7in kargo \u00fccreti nedir?<\/h4><i class=\"vc_toggle_icon\"><\/i><\/div><div class=\"vc_toggle_content\"><p>Kargo \u00fccreti, \u00fclkedeki konuma g\u00f6re baz\u0131 durumlarda de\u011fi\u015fiklik g\u00f6steriyor olsa da ortalama 1600 TL civar\u0131ndad\u0131r.<\/p>\n<\/div><\/div><div  class=\"vc_toggle vc_toggle_default vc_toggle_color_default  vc_toggle_size_md\"><div class=\"vc_toggle_title\"><h4>Yurt D\u0131\u015f\u0131nda Ya\u015f\u0131yorum Ve Sizden Ba\u011flama Almak \u0130stiyorum. Hangi \u00dclkelere G\u00f6nderim Yap\u0131yorsunuz Ve Kargo \u00dccreti Bilgisine Nereden Ula\u015fabilirim?<\/h4><i class=\"vc_toggle_icon\"><\/i><\/div><div class=\"vc_toggle_content\"><p>T\u00fcm \u00fclkelere g\u00f6nderim yapabilmekteyiz. Kargo \u00fccreti mesafeye g\u00f6re\u00a0 de\u011fi\u015fkenlik g\u00f6stermektedir.\u00a0 \u00d6deme ekran\u0131nda \u00fclkeyi se\u00e7ti\u011finizde kargo bedeli kar\u015f\u0131n\u0131za \u00e7\u0131kmaktad\u0131r.<\/p>\n<\/div><\/div><div  class=\"vc_toggle vc_toggle_default vc_toggle_color_default  vc_toggle_size_md\"><div class=\"vc_toggle_title\"><h4>Kargoda \u00fcr\u00fcn k\u0131r\u0131k geldi ne yapmal\u0131y\u0131m?<\/h4><i class=\"vc_toggle_icon\"><\/i><\/div><div class=\"vc_toggle_content\"><p>Kargo firmas\u0131 \u00e7al\u0131\u015fan\u0131 ile mutlaka hasar formu olu\u015fturmal\u0131s\u0131n\u0131z.<\/p>\n<\/div><\/div><div  class=\"vc_toggle vc_toggle_default vc_toggle_color_default  vc_toggle_size_md\"><div class=\"vc_toggle_title\"><h4>Yurtd\u0131\u015f\u0131na kargo varm\u0131?<\/h4><i class=\"vc_toggle_icon\"><\/i><\/div><div class=\"vc_toggle_content\"><p>Evet D\u00fcnyan\u0131n her noktas\u0131na ba\u011flama ula\u015ft\u0131r\u0131yoruz.<\/p>\n<\/div><\/div>\n\t<div class=\"wpb_text_column wpb_content_element\" >\n\t\t<div class=\"wpb_wrapper\">\n\t\t\t<h3 id=\"urun\">\u00dcr\u00fcn<\/h3>\n\n\t\t<\/div>\n\t<\/div>\n<div  class=\"vc_toggle vc_toggle_default vc_toggle_color_default  vc_toggle_size_md\"><div class=\"vc_toggle_title\"><h4>15 g\u00fcn iade garantisi her \u00fcr\u00fcn i\u00e7in ge\u00e7erlimidir?<\/h4><i class=\"vc_toggle_icon\"><\/i><\/div><div class=\"vc_toggle_content\"><p>Ba\u011flama kategorisinde olan her \u00fcr\u00fcn\u00fcm\u00fcz i\u00e7in ge\u00e7erlidir.<\/p>\n<\/div><\/div><div  class=\"vc_toggle vc_toggle_default vc_toggle_color_default  vc_toggle_size_md\"><div class=\"vc_toggle_title\"><h4>Sat\u0131n Alm\u0131\u015f Oldu\u011fum \u00dcr\u00fcn Bana Hasarl\u0131 Gelirse Ne Yapmayal\u0131m?<\/h4><i class=\"vc_toggle_icon\"><\/i><\/div><div class=\"vc_toggle_content\"><p>\u00dcr\u00fcn\u00fcn kargo paketinde veya \u00fcr\u00fcnde fark edilir \u015fekilde hasar, darbe, k\u0131r\u0131k tespit edilmesi durumunda, kargo g\u00f6revlisine mutlaka hasar tespit tutana\u011f\u0131 d\u00fczenletmelisiniz. Hasarl\u0131 kargolar i\u00e7in kargo g\u00f6revlileri zab\u0131t tutmakla y\u00fck\u00fcml\u00fcd\u00fcr. E\u011fer hasarl\u0131 ise \u00fcr\u00fcn\u00fc teslim almadan kargo g\u00f6revlisine derhal &#8220;hasarl\u0131 teslim tutana\u011f\u0131&#8221; tutmas\u0131n\u0131 talep ederek \u00fcr\u00fcn\u00fc kargo g\u00f6revlisine teslim edebilirsiniz. Kargo g\u00f6revlisinin belge, zab\u0131t veya tutanak d\u00fczenlemedi\u011fi durumlarda \u00fcr\u00fcn\u00fc teslim almadan g\u00f6revliye iade edebilir veya kargo \u015fubesinde kontrol\u00fcn\u00fc\u00a0 sa\u011flayarak teslim alabilirsiniz. Hasar tespit belgesini d\u00fczenletmezseniz \u00fcr\u00fcndeki sorunun kargo kaynakl\u0131 oldu\u011funu ispatlaman\u0131z m\u00fcmk\u00fcn de\u011fildir. Bu nedenle mutlaka tutanak tutturmal\u0131s\u0131n\u0131z.<\/p>\n<\/div><\/div><div  class=\"vc_toggle vc_toggle_default vc_toggle_color_default  vc_toggle_size_md\"><div class=\"vc_toggle_title\"><h4>\u0130nternet Sitenizde G\u00f6rd\u00fc\u011f\u00fcm \u00dcr\u00fcn\u00fc Ma\u011fazan\u0131zdan Teslim Alabilir miyim?<\/h4><i class=\"vc_toggle_icon\"><\/i><\/div><div class=\"vc_toggle_content\"><p>Evet. Sat\u0131n almak istedi\u011finiz \u00fcr\u00fcn\u00fc bizimle ile irtibata ge\u00e7erek size en yak\u0131n ma\u011fazam\u0131za gelerek teslim alabilirsiniz. \u00dcr\u00fcn\u00fcn kargoya teslim edilme durumunu g\u00f6z \u00f6n\u00fcne alarak m\u00fcmk\u00fcn oldu\u011fu en k\u0131sa s\u00fcrede hatta \u00fcr\u00fcn\u00fc sat\u0131n almadan \u00f6nce irtibata ge\u00e7menizi \u00f6neririz.<\/p>\n<\/div><\/div><div  class=\"vc_toggle vc_toggle_default vc_toggle_color_default  vc_toggle_size_md\"><div class=\"vc_toggle_title\"><h4>Tekne \u00d6l\u00e7\u00fcs\u00fc \u0130stedi\u011fim Gibi De\u011fil De\u011fi\u015fim M\u00fcmk\u00fcn m\u00fc?<\/h4><i class=\"vc_toggle_icon\"><\/i><\/div><div class=\"vc_toggle_content\"><p>Tabi ki m\u00fcmk\u00fcn, \u00fcr\u00fcn\u00fc size g\u00f6nderdi\u011fimiz \u015fekilde g\u00f6nderim yapt\u0131\u011f\u0131n\u0131z taktirde ayn\u0131 \u00fcr\u00fcn\u00fcn stoklarda var ise g\u00f6nderimi yap\u0131labilir. Size yard\u0131mc\u0131 olmak i\u00e7in buraday\u0131z.<\/p>\n<\/div><\/div>\n\t<div class=\"wpb_text_column wpb_content_element\" >\n\t\t<div class=\"wpb_wrapper\">\n\t\t\t<h3 id=\"uyelik\">\u00dcyelik<\/h3>\n\n\t\t<\/div>\n\t<\/div>\n<div  class=\"vc_toggle vc_toggle_default vc_toggle_color_default  vc_toggle_size_md\"><div class=\"vc_toggle_title\"><h4>Hesab\u0131m\u0131 nas\u0131l silebilirim?<\/h4><i class=\"vc_toggle_icon\"><\/i><\/div><div class=\"vc_toggle_content\"><p>info@oktayyilmazsazevi.com mail adresinden ad ve soyad bilgilerinizi ve cep telefonunuzu kay\u0131t oldu\u011funuz mail adresi \u00fczerinden yazd\u0131\u011f\u0131n\u0131zda bilgilerinizi kal\u0131c\u0131 olarak siliyoruz.<\/p>\n<\/div><\/div><div  class=\"vc_toggle vc_toggle_default vc_toggle_color_default  vc_toggle_size_md\"><div class=\"vc_toggle_title\"><h4>\u00dcyelik \u00dccretsizmi?<\/h4><i class=\"vc_toggle_icon\"><\/i><\/div><div class=\"vc_toggle_content\"><p>Evet sipari\u015f vermek i\u00e7in ve kay\u0131t i\u00e7in herhangi bir \u00fccret \u00f6demezsiniz.<\/p>\n<\/div><\/div><div  class=\"vc_toggle vc_toggle_default vc_toggle_color_default  vc_toggle_size_md\"><div class=\"vc_toggle_title\"><h4>\u00dcyelik hesab\u0131m ile neler yapabilirim?<\/h4><i class=\"vc_toggle_icon\"><\/i><\/div><div class=\"vc_toggle_content\"><p>Profilinizden son sipari\u015flerinizi g\u00f6r\u00fcnt\u00fcleyebilir, g\u00f6nderim ve fatura adreslerinizi y\u00f6netebilir ve \u015fifreniz ile hesap ayr\u0131nt\u0131lar\u0131n\u0131z\u0131 d\u00fczenleyebilirsiniz.<\/p>\n<\/div><\/div><div  class=\"vc_toggle vc_toggle_default vc_toggle_color_default  vc_toggle_size_md\"><div class=\"vc_toggle_title\"><h4>Sipari\u015f i\u00e7in \u00fcyelik zorunlumu?<\/h4><i class=\"vc_toggle_icon\"><\/i><\/div><div class=\"vc_toggle_content\"><p>Sipari\u015finizi ve \u00f6deminizi do\u011fru bir \u015fekilde sisteme i\u015fleyebilmemiz i\u00e7in kay\u0131t olman\u0131z zorunludur.<\/p>\n<\/div><\/div>\t<\/div>\n<\/div><div class=\"wpb_column vc_column_container vc_col-sm-6\">\n\t<div class=\"wpb_wrapper\">\n\t\n\t<div class=\"wpb_text_column wpb_content_element\" >\n\t\t<div class=\"wpb_wrapper\">\n\t\t\t<h3 id=\"soru\">Soru Sorun<\/h3>\n\n\t\t<\/div>\n\t<\/div>\n\n\t<div class=\"wpb_text_column wpb_content_element\" >\n\t\t<div class=\"wpb_wrapper\">\n\t\t\t<p>[contact-form-7 id=&#8221;22533&#8243;]<\/p>\n\n\t\t<\/div>\n\t<\/div>\n\t<\/div>\n<\/div><\/div>","protected":false},"excerpt":{"rendered":"S\u0131k Sorulan Sorular Akl\u0131n\u0131za tak\u0131lan sorular\u0131n cevab\u0131n\u0131 bu sayfada bulabilirsiniz. Sipari\u015f \u00dcr\u00fcn Kargo \u00dcyelik Soru Sorun Sipari\u015f Sipari\u015f verdi\u011fim adresi de\u011fi\u015ftirebilir miyim?Kargoya verilmemi\u015f her \u00fcr\u00fcn i\u00e7in teslimat adresi de\u011fi\u015ftirebilirsiniz. H\u0131zl\u0131 bir \u015fekilde sipari\u015finizi haz\u0131rlayan g\u00f6revliye ula\u015fmak i\u00e7in \u00a0(+90) 533 290 68 91 bu numaray\u0131 arayabilir yada WhatsApp \u00fczerinden yazabilirsiniz. Sipari\u015fimde kargo \u00fccretini g\u00f6remiyorum?Yurti\u00e7indeki sipari\u015fleriniz \u00fccretsiz [...]","protected":false},"author":39,"featured_media":0,"parent":0,"menu_order":0,"comment_status":"closed","ping_status":"open","template":"","meta":{"footnotes":""},"class_list":["post-760","page","type-page","status-publish","hentry"],"_links":{"self":[{"href":"https:\/\/oktayyilmazsazevi.com\/fr\/wp-json\/wp\/v2\/pages\/760","targetHints":{"allow":["GET"]}}],"collection":[{"href":"https:\/\/oktayyilmazsazevi.com\/fr\/wp-json\/wp\/v2\/pages"}],"about":[{"href":"https:\/\/oktayyilmazsazevi.com\/fr\/wp-json\/wp\/v2\/types\/page"}],"author":[{"embeddable":true,"href":"https:\/\/oktayyilmazsazevi.com\/fr\/wp-json\/wp\/v2\/users\/39"}],"replies":[{"embeddable":true,"href":"https:\/\/oktayyilmazsazevi.com\/fr\/wp-json\/wp\/v2\/comments?post=760"}],"version-history":[{"count":0,"href":"https:\/\/oktayyilmazsazevi.com\/fr\/wp-json\/wp\/v2\/pages\/760\/revisions"}],"wp:attachment":[{"href":"https:\/\/oktayyilmazsazevi.com\/fr\/wp-json\/wp\/v2\/media?parent=760"}],"curies":[{"name":"wp","href":"https:\/\/api.w.org\/{rel}","templated":true}]}}