{"id":21335,"date":"2022-12-14T18:35:22","date_gmt":"2022-12-14T11:35:22","guid":{"rendered":"https:\/\/oktayyilmazsazevi.com\/?post_type=product&#038;p=21335"},"modified":"2026-03-19T02:39:41","modified_gmt":"2026-03-18T19:39:41","slug":"d-seri-kisa-sap-40cm-baglama-kilifi","status":"publish","type":"product","link":"https:\/\/oktayyilmazsazevi.com\/fr\/urunler\/d-seri-kisa-sap-40cm-baglama-kilifi\/","title":{"rendered":"D Seri K\u0131sa Sap 40cm Ba\u011flama K\u0131l\u0131f\u0131"},"content":{"rendered":"","protected":false},"excerpt":{"rendered":"<p>CARACT\u00c9RISTIQUES DU PRODUIT<br \/>\n\u2714 Tekne (G\u00f6vde ) Boyu : 40 cm<br \/>\n\u2714 Ba\u011flama Sap : K\u0131sa Sap<br \/>\n\u2714 Renk : Siyah<br \/>\n\u2714 Kuma\u015f \u00d6zelli\u011fi : 1680 Denye Laminasyonlu (100gr Polietilen +15mm Eva Lamine) S\u0131v\u0131 Ge\u00e7irmez Kuma\u015f<br \/>\n\u2714 Yanlar : Eva \u0130le G\u00fc\u00e7lendirilmi\u015f S\u0131v\u0131 Ve Is\u0131 Ge\u00e7irmeyen Kuma\u015f<br \/>\n\u2714 16 mm  Darbeye Dayan\u0131kl\u0131 Ped (Polietilen Plastik Dolgu)<br \/>\n\u2714 \u0130\u00e7 Astar\u0131nda 600 Denye Kuma\u015f Kullan\u0131lm\u0131\u015ft\u0131r.<br \/>\n\u2714 \u00c7ift Omuz Ask\u0131s\u0131 (4 mm Eva Takviyeli)<br \/>\n\u2714 Zemin Temas Kesici Ayaklar<br \/>\n\u2714 \u00d6n Taraf\u0131nda B\u00fcy\u00fck K\u00f6r\u00fckl\u00fc Cep<br \/>\n\u2714 T\u00fcm \u00c7evresinde de G\u00fc\u00e7lendirilmi\u015f Plastik Fitil Kullan\u0131lm\u0131\u015ft\u0131r.<\/p>","protected":false},"featured_media":28502,"comment_status":"open","ping_status":"closed","template":"","meta":[],"product_brand":[],"product_cat":[772,396],"product_tag":[],"class_list":{"0":"post-21335","1":"product","2":"type-product","3":"status-publish","4":"has-post-thumbnail","6":"product_cat-baglama-kiliflari","7":"product_cat-kilif","9":"first","10":"instock","11":"shipping-taxable","12":"purchasable","13":"product-type-simple"},"_links":{"self":[{"href":"https:\/\/oktayyilmazsazevi.com\/fr\/wp-json\/wp\/v2\/product\/21335","targetHints":{"allow":["GET"]}}],"collection":[{"href":"https:\/\/oktayyilmazsazevi.com\/fr\/wp-json\/wp\/v2\/product"}],"about":[{"href":"https:\/\/oktayyilmazsazevi.com\/fr\/wp-json\/wp\/v2\/types\/product"}],"replies":[{"embeddable":true,"href":"https:\/\/oktayyilmazsazevi.com\/fr\/wp-json\/wp\/v2\/comments?post=21335"}],"wp:featuredmedia":[{"embeddable":true,"href":"https:\/\/oktayyilmazsazevi.com\/fr\/wp-json\/wp\/v2\/media\/28502"}],"wp:attachment":[{"href":"https:\/\/oktayyilmazsazevi.com\/fr\/wp-json\/wp\/v2\/media?parent=21335"}],"wp:term":[{"taxonomy":"product_brand","embeddable":true,"href":"https:\/\/oktayyilmazsazevi.com\/fr\/wp-json\/wp\/v2\/product_brand?post=21335"},{"taxonomy":"product_cat","embeddable":true,"href":"https:\/\/oktayyilmazsazevi.com\/fr\/wp-json\/wp\/v2\/product_cat?post=21335"},{"taxonomy":"product_tag","embeddable":true,"href":"https:\/\/oktayyilmazsazevi.com\/fr\/wp-json\/wp\/v2\/product_tag?post=21335"}],"curies":[{"name":"wp","href":"https:\/\/api.w.org\/{rel}","templated":true}]}}