{"id":21551,"date":"2022-12-30T21:30:32","date_gmt":"2022-12-30T14:30:32","guid":{"rendered":"https:\/\/oktayyilmazsazevi.com\/?post_type=product&#038;p=21551"},"modified":"2026-04-06T17:08:12","modified_gmt":"2026-04-06T10:08:12","slug":"cuzdan-tezene","status":"publish","type":"product","link":"https:\/\/oktayyilmazsazevi.com\/fr\/urunler\/cuzdan-tezene\/","title":{"rendered":"C\u00fczdan Tezene"},"content":{"rendered":"","protected":false},"excerpt":{"rendered":"<ul>\n<li>1\/2 Numara Profesyonel Ba\u011flama Tezenesi<\/li>\n<li>Ayn\u0131 Tezene \u00dczerinde Hem 1 Hem de 2 Numara Kal\u0131nl\u0131klar\u0131 Bulunmaktad\u0131r.<\/li>\n<li>Tezene Numara Rakamlar\u0131 B\u00fcy\u00fcd\u00fck\u00e7e \u00dcr\u00fcn Sertlik Oran\u0131 Artmaktad\u0131r.<\/li>\n<li>Kullan\u0131lan Hammadde, Y\u0131llar S\u00fcren Tecr\u00fcbeler Sonucunda \u00d6zel \u0130malat Olarak Yapt\u0131r\u0131larak Kullan\u0131ma Sunulmu\u015ftur.<\/li>\n<li>\u00dcr\u00fcn Renk Skalas\u0131 G\u00f6rseldekinden Farkl\u0131 Olabilir.<\/li>\n<li>1 C\u00fczdanda 10 Adet Tezene Bulunmaktad\u0131r.<\/li>\n<li>Oktay Y\u0131lmaz Saz Evi Marka G\u00fcvencesiyle<\/li>\n<\/ul>","protected":false},"featured_media":26624,"comment_status":"open","ping_status":"closed","template":"","meta":[],"product_brand":[],"product_cat":[798],"product_tag":[],"class_list":{"0":"post-21551","1":"product","2":"type-product","3":"status-publish","4":"has-post-thumbnail","6":"product_cat-tezeneler","8":"first","9":"instock","10":"shipping-taxable","11":"purchasable","12":"product-type-simple"},"_links":{"self":[{"href":"https:\/\/oktayyilmazsazevi.com\/fr\/wp-json\/wp\/v2\/product\/21551","targetHints":{"allow":["GET"]}}],"collection":[{"href":"https:\/\/oktayyilmazsazevi.com\/fr\/wp-json\/wp\/v2\/product"}],"about":[{"href":"https:\/\/oktayyilmazsazevi.com\/fr\/wp-json\/wp\/v2\/types\/product"}],"replies":[{"embeddable":true,"href":"https:\/\/oktayyilmazsazevi.com\/fr\/wp-json\/wp\/v2\/comments?post=21551"}],"wp:featuredmedia":[{"embeddable":true,"href":"https:\/\/oktayyilmazsazevi.com\/fr\/wp-json\/wp\/v2\/media\/26624"}],"wp:attachment":[{"href":"https:\/\/oktayyilmazsazevi.com\/fr\/wp-json\/wp\/v2\/media?parent=21551"}],"wp:term":[{"taxonomy":"product_brand","embeddable":true,"href":"https:\/\/oktayyilmazsazevi.com\/fr\/wp-json\/wp\/v2\/product_brand?post=21551"},{"taxonomy":"product_cat","embeddable":true,"href":"https:\/\/oktayyilmazsazevi.com\/fr\/wp-json\/wp\/v2\/product_cat?post=21551"},{"taxonomy":"product_tag","embeddable":true,"href":"https:\/\/oktayyilmazsazevi.com\/fr\/wp-json\/wp\/v2\/product_tag?post=21551"}],"curies":[{"name":"wp","href":"https:\/\/api.w.org\/{rel}","templated":true}]}}