{"id":24673,"date":"2024-01-15T20:04:21","date_gmt":"2024-01-15T13:04:21","guid":{"rendered":"https:\/\/oktayyilmazsazevi.com\/?post_type=product&#038;p=24673"},"modified":"2026-02-05T19:48:36","modified_gmt":"2026-02-05T12:48:36","slug":"018-kisa-sap-baglamalar-icin-celik-tel-2-takim","status":"publish","type":"product","link":"https:\/\/oktayyilmazsazevi.com\/fr\/urunler\/018-kisa-sap-baglamalar-icin-celik-tel-2-takim\/","title":{"rendered":"0,18 K\u0131sa Sap Ba\u011flamalar \u0130\u00e7in \u00c7elik Tel 2 Tak\u0131m"},"content":{"rendered":"","protected":false},"excerpt":{"rendered":"","protected":false},"featured_media":24674,"comment_status":"open","ping_status":"closed","template":"","meta":[],"product_brand":[],"product_cat":[716],"product_tag":[823,819,839,824,821],"class_list":{"0":"post-24673","1":"product","2":"type-product","3":"status-publish","4":"has-post-thumbnail","6":"product_cat-teller","7":"product_tag-baglama","8":"product_tag-baglama-teli","9":"product_tag-celik-tel","10":"product_tag-saz","11":"product_tag-saz-teli","13":"first","14":"instock","15":"shipping-taxable","16":"purchasable","17":"product-type-simple"},"_links":{"self":[{"href":"https:\/\/oktayyilmazsazevi.com\/fr\/wp-json\/wp\/v2\/product\/24673","targetHints":{"allow":["GET"]}}],"collection":[{"href":"https:\/\/oktayyilmazsazevi.com\/fr\/wp-json\/wp\/v2\/product"}],"about":[{"href":"https:\/\/oktayyilmazsazevi.com\/fr\/wp-json\/wp\/v2\/types\/product"}],"replies":[{"embeddable":true,"href":"https:\/\/oktayyilmazsazevi.com\/fr\/wp-json\/wp\/v2\/comments?post=24673"}],"wp:featuredmedia":[{"embeddable":true,"href":"https:\/\/oktayyilmazsazevi.com\/fr\/wp-json\/wp\/v2\/media\/24674"}],"wp:attachment":[{"href":"https:\/\/oktayyilmazsazevi.com\/fr\/wp-json\/wp\/v2\/media?parent=24673"}],"wp:term":[{"taxonomy":"product_brand","embeddable":true,"href":"https:\/\/oktayyilmazsazevi.com\/fr\/wp-json\/wp\/v2\/product_brand?post=24673"},{"taxonomy":"product_cat","embeddable":true,"href":"https:\/\/oktayyilmazsazevi.com\/fr\/wp-json\/wp\/v2\/product_cat?post=24673"},{"taxonomy":"product_tag","embeddable":true,"href":"https:\/\/oktayyilmazsazevi.com\/fr\/wp-json\/wp\/v2\/product_tag?post=24673"}],"curies":[{"name":"wp","href":"https:\/\/api.w.org\/{rel}","templated":true}]}}