{"id":28068,"date":"2025-06-25T20:55:39","date_gmt":"2025-06-25T13:55:39","guid":{"rendered":"https:\/\/oktayyilmazsazevi.com\/?post_type=product&#038;p=28068"},"modified":"2026-01-31T18:11:28","modified_gmt":"2026-01-31T11:11:28","slug":"cob-003-c-seri-kisa-sap-ovenkol-agaci-baglama","status":"publish","type":"product","link":"https:\/\/oktayyilmazsazevi.com\/fr\/urunler\/cob-003-c-seri-kisa-sap-ovenkol-agaci-baglama\/","title":{"rendered":"COB-003 C Seri K\u0131sa Sap Ovenkol A\u011fac\u0131 Ba\u011flama"},"content":{"rendered":"","protected":false},"excerpt":{"rendered":"<ul>\n<li>Ba\u011flamalar\u0131m\u0131z 4-5 Y\u0131l Kurutulmu\u015f A\u011fa\u00e7lardan Yap\u0131lmaktad\u0131r.<\/li>\n<li>Bu ba\u011flamam\u0131z C Seri Profesyonel Bir Ba\u011flamad\u0131r.<\/li>","protected":false},"featured_media":28070,"comment_status":"open","ping_status":"closed","template":"","meta":[],"product_brand":[],"product_cat":[303,712],"product_tag":[823,828,826,824,827],"class_list":{"0":"post-28068","1":"product","2":"type-product","3":"status-publish","4":"has-post-thumbnail","6":"product_cat-kisa-sap-baglama","7":"product_cat-ovenkol-baglamalar","8":"product_tag-baglama","9":"product_tag-deyis","10":"product_tag-enstruman","11":"product_tag-saz","12":"product_tag-turku","14":"first","15":"instock","16":"sold-individually","17":"shipping-taxable","18":"purchasable","19":"product-type-simple"},"_links":{"self":[{"href":"https:\/\/oktayyilmazsazevi.com\/fr\/wp-json\/wp\/v2\/product\/28068","targetHints":{"allow":["GET"]}}],"collection":[{"href":"https:\/\/oktayyilmazsazevi.com\/fr\/wp-json\/wp\/v2\/product"}],"about":[{"href":"https:\/\/oktayyilmazsazevi.com\/fr\/wp-json\/wp\/v2\/types\/product"}],"replies":[{"embeddable":true,"href":"https:\/\/oktayyilmazsazevi.com\/fr\/wp-json\/wp\/v2\/comments?post=28068"}],"wp:featuredmedia":[{"embeddable":true,"href":"https:\/\/oktayyilmazsazevi.com\/fr\/wp-json\/wp\/v2\/media\/28070"}],"wp:attachment":[{"href":"https:\/\/oktayyilmazsazevi.com\/fr\/wp-json\/wp\/v2\/media?parent=28068"}],"wp:term":[{"taxonomy":"product_brand","embeddable":true,"href":"https:\/\/oktayyilmazsazevi.com\/fr\/wp-json\/wp\/v2\/product_brand?post=28068"},{"taxonomy":"product_cat","embeddable":true,"href":"https:\/\/oktayyilmazsazevi.com\/fr\/wp-json\/wp\/v2\/product_cat?post=28068"},{"taxonomy":"product_tag","embeddable":true,"href":"https:\/\/oktayyilmazsazevi.com\/fr\/wp-json\/wp\/v2\/product_tag?post=28068"}],"curies":[{"name":"wp","href":"https:\/\/api.w.org\/{rel}","templated":true}]}}