{"id":21381,"date":"2022-12-20T20:28:26","date_gmt":"2022-12-20T13:28:26","guid":{"rendered":"https:\/\/oktayyilmazsazevi.com\/?post_type=product&#038;p=21381"},"modified":"2026-02-04T17:37:01","modified_gmt":"2026-02-04T10:37:01","slug":"018-kisa-sap-baglamalar-icin-celik-tel","status":"publish","type":"product","link":"https:\/\/oktayyilmazsazevi.com\/it\/urunler\/018-kisa-sap-baglamalar-icin-celik-tel\/","title":{"rendered":"0,18 K\u0131sa Sap Ba\u011flamalar \u0130\u00e7in \u00c7elik Tel"},"content":{"rendered":"","protected":false},"excerpt":{"rendered":"","protected":false},"featured_media":24672,"comment_status":"open","ping_status":"closed","template":"","meta":[],"product_brand":[],"product_cat":[716],"product_tag":[],"class_list":{"0":"post-21381","1":"product","2":"type-product","3":"status-publish","4":"has-post-thumbnail","6":"product_cat-teller","8":"first","9":"instock","10":"shipping-taxable","11":"purchasable","12":"product-type-simple"},"_links":{"self":[{"href":"https:\/\/oktayyilmazsazevi.com\/it\/wp-json\/wp\/v2\/product\/21381","targetHints":{"allow":["GET"]}}],"collection":[{"href":"https:\/\/oktayyilmazsazevi.com\/it\/wp-json\/wp\/v2\/product"}],"about":[{"href":"https:\/\/oktayyilmazsazevi.com\/it\/wp-json\/wp\/v2\/types\/product"}],"replies":[{"embeddable":true,"href":"https:\/\/oktayyilmazsazevi.com\/it\/wp-json\/wp\/v2\/comments?post=21381"}],"wp:featuredmedia":[{"embeddable":true,"href":"https:\/\/oktayyilmazsazevi.com\/it\/wp-json\/wp\/v2\/media\/24672"}],"wp:attachment":[{"href":"https:\/\/oktayyilmazsazevi.com\/it\/wp-json\/wp\/v2\/media?parent=21381"}],"wp:term":[{"taxonomy":"product_brand","embeddable":true,"href":"https:\/\/oktayyilmazsazevi.com\/it\/wp-json\/wp\/v2\/product_brand?post=21381"},{"taxonomy":"product_cat","embeddable":true,"href":"https:\/\/oktayyilmazsazevi.com\/it\/wp-json\/wp\/v2\/product_cat?post=21381"},{"taxonomy":"product_tag","embeddable":true,"href":"https:\/\/oktayyilmazsazevi.com\/it\/wp-json\/wp\/v2\/product_tag?post=21381"}],"curies":[{"name":"wp","href":"https:\/\/api.w.org\/{rel}","templated":true}]}}