{"id":21292,"date":"2022-12-12T16:27:34","date_gmt":"2022-12-12T09:27:34","guid":{"rendered":"https:\/\/oktayyilmazsazevi.com\/?post_type=product&#038;p=21292"},"modified":"2025-07-17T21:12:57","modified_gmt":"2025-07-17T14:12:57","slug":"cdb-022-dut-agaci-esik-altili-balta-sazi","status":"publish","type":"product","link":"https:\/\/oktayyilmazsazevi.com\/ru\/urunler\/cdb-022-dut-agaci-esik-altili-balta-sazi\/","title":{"rendered":"CDB-022 Dut A\u011fac\u0131 E\u015fik Alt\u0131l\u0131 Balta Saz\u0131"},"content":{"rendered":"","protected":false},"excerpt":{"rendered":"","protected":false},"featured_media":21294,"comment_status":"open","ping_status":"closed","template":"","meta":[],"product_brand":[],"product_cat":[272,803],"product_tag":[],"class_list":{"0":"post-21292","1":"product","2":"type-product","3":"status-publish","4":"has-post-thumbnail","6":"product_cat-balta-tekne","7":"product_cat-firsat-urunleri","9":"first","10":"instock","11":"sold-individually","12":"shipping-taxable","13":"purchasable","14":"product-type-simple"},"_links":{"self":[{"href":"https:\/\/oktayyilmazsazevi.com\/ru\/wp-json\/wp\/v2\/product\/21292","targetHints":{"allow":["GET"]}}],"collection":[{"href":"https:\/\/oktayyilmazsazevi.com\/ru\/wp-json\/wp\/v2\/product"}],"about":[{"href":"https:\/\/oktayyilmazsazevi.com\/ru\/wp-json\/wp\/v2\/types\/product"}],"replies":[{"embeddable":true,"href":"https:\/\/oktayyilmazsazevi.com\/ru\/wp-json\/wp\/v2\/comments?post=21292"}],"wp:featuredmedia":[{"embeddable":true,"href":"https:\/\/oktayyilmazsazevi.com\/ru\/wp-json\/wp\/v2\/media\/21294"}],"wp:attachment":[{"href":"https:\/\/oktayyilmazsazevi.com\/ru\/wp-json\/wp\/v2\/media?parent=21292"}],"wp:term":[{"taxonomy":"product_brand","embeddable":true,"href":"https:\/\/oktayyilmazsazevi.com\/ru\/wp-json\/wp\/v2\/product_brand?post=21292"},{"taxonomy":"product_cat","embeddable":true,"href":"https:\/\/oktayyilmazsazevi.com\/ru\/wp-json\/wp\/v2\/product_cat?post=21292"},{"taxonomy":"product_tag","embeddable":true,"href":"https:\/\/oktayyilmazsazevi.com\/ru\/wp-json\/wp\/v2\/product_tag?post=21292"}],"curies":[{"name":"wp","href":"https:\/\/api.w.org\/{rel}","templated":true}]}}