{"id":23500,"date":"2023-07-09T03:41:16","date_gmt":"2023-07-08T20:41:16","guid":{"rendered":"https:\/\/oktayyilmazsazevi.com\/?post_type=product&#038;p=23500"},"modified":"2026-04-01T16:11:57","modified_gmt":"2026-04-01T09:11:57","slug":"sari-ardic-kisa-sap-baglama-csab-001","status":"publish","type":"product","link":"https:\/\/oktayyilmazsazevi.com\/ru\/urunler\/sari-ardic-kisa-sap-baglama-csab-001\/","title":{"rendered":"CSAB-001 C Seri K\u0131sa Sap Ba\u011flama Sar\u0131 Ard\u0131\u00e7 A\u011fac\u0131"},"content":{"rendered":"","protected":false},"excerpt":{"rendered":"","protected":false},"featured_media":23501,"comment_status":"open","ping_status":"closed","template":"","meta":[],"product_brand":[],"product_cat":[303,709],"product_tag":[],"class_list":{"0":"post-23500","1":"product","2":"type-product","3":"status-publish","4":"has-post-thumbnail","6":"product_cat-kisa-sap-baglama","7":"product_cat-ardic-baglamalar","9":"first","10":"outofstock","11":"shipping-taxable","12":"purchasable","13":"product-type-simple"},"_links":{"self":[{"href":"https:\/\/oktayyilmazsazevi.com\/ru\/wp-json\/wp\/v2\/product\/23500","targetHints":{"allow":["GET"]}}],"collection":[{"href":"https:\/\/oktayyilmazsazevi.com\/ru\/wp-json\/wp\/v2\/product"}],"about":[{"href":"https:\/\/oktayyilmazsazevi.com\/ru\/wp-json\/wp\/v2\/types\/product"}],"replies":[{"embeddable":true,"href":"https:\/\/oktayyilmazsazevi.com\/ru\/wp-json\/wp\/v2\/comments?post=23500"}],"wp:featuredmedia":[{"embeddable":true,"href":"https:\/\/oktayyilmazsazevi.com\/ru\/wp-json\/wp\/v2\/media\/23501"}],"wp:attachment":[{"href":"https:\/\/oktayyilmazsazevi.com\/ru\/wp-json\/wp\/v2\/media?parent=23500"}],"wp:term":[{"taxonomy":"product_brand","embeddable":true,"href":"https:\/\/oktayyilmazsazevi.com\/ru\/wp-json\/wp\/v2\/product_brand?post=23500"},{"taxonomy":"product_cat","embeddable":true,"href":"https:\/\/oktayyilmazsazevi.com\/ru\/wp-json\/wp\/v2\/product_cat?post=23500"},{"taxonomy":"product_tag","embeddable":true,"href":"https:\/\/oktayyilmazsazevi.com\/ru\/wp-json\/wp\/v2\/product_tag?post=23500"}],"curies":[{"name":"wp","href":"https:\/\/api.w.org\/{rel}","templated":true}]}}