{"id":24617,"date":"2024-01-13T16:36:13","date_gmt":"2024-01-13T09:36:13","guid":{"rendered":"https:\/\/oktayyilmazsazevi.com\/?post_type=product&#038;p=24617"},"modified":"2026-01-21T21:38:21","modified_gmt":"2026-01-21T14:38:21","slug":"020-uzun-sap-baglama-piramid-tel-2-adet","status":"publish","type":"product","link":"https:\/\/oktayyilmazsazevi.com\/ru\/urunler\/020-uzun-sap-baglama-piramid-tel-2-adet\/","title":{"rendered":"0,20 Uzun Sap Ba\u011flama Piramid Tel (2 Adet)"},"content":{"rendered":"","protected":false},"excerpt":{"rendered":"<p>PAKET \u0130\u00c7ER\u0130\u011e\u0130 A\u015eA\u011eIDAK\u0130 G\u0130B\u0130D\u0130R ;<br \/>\n\u2714 Alt Tel : 3 Adet 0,18 Numara Tel (1 Adet Teli Takarken Koparma \u0130htimaline Kar\u015f\u0131n Yedek Olarak Konulmu\u015ftur.)<br \/>\n\u2714 Orta Tel : 2 Adet 0,28 Numara Tel<br \/>\n\u2714 \u00dcst Tel : 1 Adet 0,22 Numara Tel<br \/>\n\u2714 \u00dcst Bam : Kal\u0131n Bam<br \/>\n\u2714 Alt Bam : \u0130nce Bam<br \/>\n\u2714 \u00dcr\u00fcn \u00d6zelli\u011fi : Temiz ve P\u00fcr\u00fczs\u00fcz Ses<\/p>","protected":false},"featured_media":24618,"comment_status":"open","ping_status":"closed","template":"","meta":[],"product_brand":[],"product_cat":[716],"product_tag":[819,820,822,821,818],"class_list":{"0":"post-24617","1":"product","2":"type-product","3":"status-publish","4":"has-post-thumbnail","6":"product_cat-teller","7":"product_tag-baglama-teli","8":"product_tag-enstruman-teli","9":"product_tag-piramid-tel","10":"product_tag-saz-teli","11":"product_tag-tel","13":"first","14":"instock","15":"shipping-taxable","16":"purchasable","17":"product-type-simple"},"_links":{"self":[{"href":"https:\/\/oktayyilmazsazevi.com\/ru\/wp-json\/wp\/v2\/product\/24617","targetHints":{"allow":["GET"]}}],"collection":[{"href":"https:\/\/oktayyilmazsazevi.com\/ru\/wp-json\/wp\/v2\/product"}],"about":[{"href":"https:\/\/oktayyilmazsazevi.com\/ru\/wp-json\/wp\/v2\/types\/product"}],"replies":[{"embeddable":true,"href":"https:\/\/oktayyilmazsazevi.com\/ru\/wp-json\/wp\/v2\/comments?post=24617"}],"wp:featuredmedia":[{"embeddable":true,"href":"https:\/\/oktayyilmazsazevi.com\/ru\/wp-json\/wp\/v2\/media\/24618"}],"wp:attachment":[{"href":"https:\/\/oktayyilmazsazevi.com\/ru\/wp-json\/wp\/v2\/media?parent=24617"}],"wp:term":[{"taxonomy":"product_brand","embeddable":true,"href":"https:\/\/oktayyilmazsazevi.com\/ru\/wp-json\/wp\/v2\/product_brand?post=24617"},{"taxonomy":"product_cat","embeddable":true,"href":"https:\/\/oktayyilmazsazevi.com\/ru\/wp-json\/wp\/v2\/product_cat?post=24617"},{"taxonomy":"product_tag","embeddable":true,"href":"https:\/\/oktayyilmazsazevi.com\/ru\/wp-json\/wp\/v2\/product_tag?post=24617"}],"curies":[{"name":"wp","href":"https:\/\/api.w.org\/{rel}","templated":true}]}}