{"id":24693,"date":"2024-01-18T14:56:16","date_gmt":"2024-01-18T07:56:16","guid":{"rendered":"https:\/\/oktayyilmazsazevi.com\/?post_type=product&#038;p=24693"},"modified":"2026-01-31T18:13:03","modified_gmt":"2026-01-31T11:13:03","slug":"cmub-018-c-seri-kisa-sap-muhendislik-agaci","status":"publish","type":"product","link":"https:\/\/oktayyilmazsazevi.com\/ru\/urunler\/cmub-018-c-seri-kisa-sap-muhendislik-agaci\/","title":{"rendered":"CM\u00dcB-018 C Seri K\u0131sa Sap M\u00fchendislik  A\u011fac\u0131"},"content":{"rendered":"","protected":false},"excerpt":{"rendered":"<ul>\n<li>Ba\u011flamalar\u0131m\u0131z 4-5 Y\u0131l Kurutulmu\u015f A\u011fa\u00e7lardan Yap\u0131lmaktad\u0131r. (F\u0131r\u0131nlama De\u011fildir)<\/li>\n<li>Bu ba\u011flamam\u0131z C Seri Profesyonel Bir Ba\u011flamad\u0131r.<\/li>\n<li>Ba\u011flamalar\u0131m\u0131z Uzun Y\u0131llar\u0131n Tecr\u00fcbe, Bilgi Ve Birikimine Sahip Oktay Y\u0131lmaz Kalitesiyle \u00dcretilmektedir.<\/li>\n<\/ul>","protected":false},"featured_media":24768,"comment_status":"open","ping_status":"closed","template":"","meta":[],"product_brand":[],"product_cat":[303,723],"product_tag":[],"class_list":{"0":"post-24693","1":"product","2":"type-product","3":"status-publish","4":"has-post-thumbnail","6":"product_cat-kisa-sap-baglama","7":"product_cat-muhendislik-baglamalar-kisa-sap-baglama","9":"first","10":"instock","11":"sold-individually","12":"shipping-taxable","13":"purchasable","14":"product-type-simple"},"_links":{"self":[{"href":"https:\/\/oktayyilmazsazevi.com\/ru\/wp-json\/wp\/v2\/product\/24693","targetHints":{"allow":["GET"]}}],"collection":[{"href":"https:\/\/oktayyilmazsazevi.com\/ru\/wp-json\/wp\/v2\/product"}],"about":[{"href":"https:\/\/oktayyilmazsazevi.com\/ru\/wp-json\/wp\/v2\/types\/product"}],"replies":[{"embeddable":true,"href":"https:\/\/oktayyilmazsazevi.com\/ru\/wp-json\/wp\/v2\/comments?post=24693"}],"wp:featuredmedia":[{"embeddable":true,"href":"https:\/\/oktayyilmazsazevi.com\/ru\/wp-json\/wp\/v2\/media\/24768"}],"wp:attachment":[{"href":"https:\/\/oktayyilmazsazevi.com\/ru\/wp-json\/wp\/v2\/media?parent=24693"}],"wp:term":[{"taxonomy":"product_brand","embeddable":true,"href":"https:\/\/oktayyilmazsazevi.com\/ru\/wp-json\/wp\/v2\/product_brand?post=24693"},{"taxonomy":"product_cat","embeddable":true,"href":"https:\/\/oktayyilmazsazevi.com\/ru\/wp-json\/wp\/v2\/product_cat?post=24693"},{"taxonomy":"product_tag","embeddable":true,"href":"https:\/\/oktayyilmazsazevi.com\/ru\/wp-json\/wp\/v2\/product_tag?post=24693"}],"curies":[{"name":"wp","href":"https:\/\/api.w.org\/{rel}","templated":true}]}}